{"id":1684,"date":"2023-08-22T09:41:48","date_gmt":"2023-08-22T02:41:48","guid":{"rendered":"https:\/\/mavietnam.vn\/ethics-policy\/"},"modified":"2023-09-28T15:24:09","modified_gmt":"2023-09-28T08:24:09","slug":"quy-chuan-dao-duc","status":"publish","type":"page","link":"https:\/\/mavietnam.vn\/vi\/quy-chuan-dao-duc\/","title":{"rendered":"Quy Chu\u1ea9n \u0110\u1ea1o \u0110\u1ee9c"},"content":{"rendered":"<p><strong>M&amp;A Vi\u1ec7t Nam cam k\u1ebft duy tr\u00ec Quy chu\u1ea9n \u0111\u1ea1o \u0111\u1ee9c cao nh\u1ea5t<\/strong> \u0111\u1ec3 cung c\u1ea5p d\u1ecbch v\u1ee5 ph\u00e1p l\u00fd m\u1ed9t c\u00e1ch chuy\u00ean nghi\u1ec7p v\u00e0 \u0111\u00e1ng tin c\u1eady b\u1eb1ng c\u00e1ch tu\u00e2n th\u1ee7 c\u00e1c nguy\u00ean t\u1eafc c\u1ee7a Quy chu\u1ea9n \u0111\u1ea1o \u0111\u1ee9c \u0111\u1ec3 \u0111\u1ea3m b\u1ea3o r\u1eb1ng ch\u00fang t\u00f4i \u0111\u01b0a ra nh\u1eefng quy\u1ebft \u0111\u1ecbnh chu\u1ea9n m\u1ef1c cho kh\u00e1ch h\u00e0ng c\u1ee7a m\u00ecnh.<\/p>\n<p>Quy chu\u1ea9n \u0111\u1ea1o \u0111\u1ee9c n\u00e0y c\u00f3 th\u1ec3 kh\u00f4ng bao g\u1ed3m t\u1ea5t c\u1ea3 c\u00e1c v\u1ea5n \u0111\u1ec1 ph\u00e1p l\u00fd hay \u0111\u1ea1o \u0111\u1ee9c m\u00e0 ch\u00fang t\u00f4i c\u00f3 th\u1ec3 g\u1eb7p ph\u1ea3i, n\u1ebfu c\u00f3 ph\u00e1t sinh b\u1ea5t k\u1ef3 v\u1ea5n \u0111\u1ec1 \u0111\u1ea1o \u0111\u1ee9c g\u00ec, ch\u00fang t\u00f4i s\u1ebd d\u1eabn chi\u1ebfu \u0111\u1ebfn Quy t\u1eafc \u0110\u1ea1o \u0111\u1ee9c v\u00e0 \u1ee8ng x\u1eed ngh\u1ec1 nghi\u1ec7p Lu\u1eadt s\u01b0 c\u1ee7a Li\u00ean \u0111o\u00e0n Lu\u1eadt s\u01b0 Vi\u1ec7t Nam.<\/p>\n<p><strong>C\u00e1c nguy\u00ean t\u1eafc c\u1ee7a ch\u00fang t\u00f4i bao g\u1ed3m:<\/strong><\/p>\n<p><strong>S\u1ef1 t\u00f4n tr\u1ecdng: <span style=\"font-size: 110%;\"><em>Ch\u00fang t\u00f4i kh\u00f4ng ph\u00e2n bi\u1ec7t \u0111\u1ed1i x\u1eed<\/em><\/span><\/strong><\/p>\n<p>Ch\u00fang t\u00f4i hoan ngh\u00eanh v\u00e0 h\u1ee3p t\u00e1c v\u1edbi t\u1ea5t c\u1ea3 m\u1ecdi ng\u01b0\u1eddi kh\u00f4ng ph\u00e2n bi\u1ec7t l\u1ee9a tu\u1ed5i, gi\u1edbi t\u00ednh, tr\u00ecnh \u0111\u1ed9 v\u0103n ho\u00e1, ngo\u1ea1i h\u00ecnh, khi\u1ebfm khuy\u1ebft th\u00e2n th\u1ec3, khuynh h\u01b0\u1edbng t\u00ecnh d\u1ee5c, qu\u1ed1c t\u1ecbch, v\u0103n h\u00f3a, ch\u1ee7ng t\u1ed9c, quan \u0111i\u1ec3m ch\u00ednh tr\u1ecb v\u00e0 t\u00f4n gi\u00e1o. Ch\u00fang t\u00f4i t\u00f4n tr\u1ecdng ph\u1ea9m gi\u00e1, quy\u1ec1n t\u1ef1 ch\u1ee7 v\u00e0 quy\u1ec1n ri\u00eang t\u01b0 c\u1ee7a t\u1ea5t c\u1ea3 c\u00e1c th\u00e0nh vi\u00ean trong nh\u00f3m v\u00e0 kh\u00e1ch h\u00e0ng, ch\u00fang t\u00f4i cam k\u1ebft t\u1ea1o cho M&amp;A Vi\u1ec7t Nam m\u1ed9t m\u00f4i tr\u01b0\u1eddng kh\u00f4ng c\u00f3 s\u1ef1 thi\u00ean v\u1ecb v\u00e0 ph\u00e2n bi\u1ec7t \u0111\u1ed1i x\u1eed.<\/p>\n<p><strong>S\u1ef1 trung th\u1ef1c: <span style=\"font-size: 110%;\"><em>Ch\u00fang t\u00f4i theo \u0111u\u1ed5i s\u1ef1 trung th\u1ef1c<\/em><\/span><\/strong><\/p>\n<p>Ch\u00fang t\u00f4i c\u1ea9n tr\u1ecdng \u0111\u1ec3 lu\u00f4n \u0111\u1ed9c l\u1eadp, trung th\u1ef1c v\u00e0 kh\u00e1ch quan m\u1ecdi l\u00fac. Ch\u00fang t\u00f4i kh\u00f4ng bao gi\u1edd c\u1ed1 t\u00ecnh l\u01b0\u1eddng g\u1ea1t hay l\u1eeba d\u1ed1i kh\u00e1ch h\u00e0ng th\u00f4ng qua b\u1ea5t k\u1ef3 s\u1ef1 xuy\u00ean t\u1ea1c, n\u00f3i qu\u00e1 hay s\u1ef1 thi\u1ebfu s\u00f3t c\u00f3 ch\u1ecdn l\u1ecdc n\u00e0o. N\u1ebfu ch\u00fang t\u00f4i kh\u00f4ng c\u00f3 kh\u1ea3 n\u0103ng cung c\u1ea5p m\u1ed9t d\u1ecbch v\u1ee5 ph\u00e1p l\u00fd m\u1ed9t c\u00e1ch chuy\u00ean nghi\u1ec7p, ch\u00fang t\u00f4i s\u1ebd th\u00f4ng b\u00e1o cho kh\u00e1ch h\u00e0ng ngay l\u1eadp t\u1ee9c.<\/p>\n<p>Ch\u00fang t\u00f4i lu\u00f4n gi\u1eef g\u00ecn l\u1ee3i \u00edch t\u1ed1t nh\u1ea5t cho kh\u00e1ch h\u00e0ng v\u00e0 s\u1ebd kh\u00f4ng khuy\u1ebfn kh\u00edch kh\u00e1ch h\u00e0ng th\u1ef1c hi\u1ec7n c\u00e1c v\u1ee5 ki\u1ec7n kh\u00f4ng c\u1ea7n thi\u1ebft ho\u1eb7c tr\u1ea3i qua c\u00e1c th\u1ee7 t\u1ee5c ph\u00e1p l\u00fd kh\u00f4ng c\u1ea7n thi\u1ebft v\u00ec b\u1ea5t k\u1ef3 l\u1ee3i \u00edch g\u00ec.<\/p>\n<p>Ch\u00fang t\u00f4i c\u1ea1nh tranh c\u00f4ng b\u1eb1ng v\u00e0 chuy\u00ean nghi\u1ec7p d\u1ef1a tr\u00ean ph\u00e1p lu\u1eadt v\u00e0 \u0111\u1ea1o \u0111\u1ee9c ngh\u1ec1 nghi\u1ec7p v\u00e0 s\u1ebd kh\u00f4ng tham gia v\u00e0o b\u1ea5t k\u1ef3 ho\u1ea1t \u0111\u1ed9ng c\u1ea1nh tranh kh\u00f4ng l\u00e0nh m\u1ea1nh n\u00e0o \u0111\u1ec3 tranh gi\u00e0nh kh\u00e1ch h\u00e0ng.<\/p>\n<p><strong>Tr\u00e1ch nhi\u1ec7m: <span style=\"font-size: 110%;\"><em>Ch\u00fang t\u00f4i c\u00f3 tr\u00e1ch nhi\u1ec7m<\/em><\/span><\/strong><\/p>\n<p>M\u1ed7i th\u00e0nh vi\u00ean c\u1ee7a \u0111\u1ed9i ng\u0169 M&amp;A Vi\u1ec7t Nam ph\u1ea3i tu\u00e2n th\u1ee7 lu\u1eadt ph\u00e1p Vi\u1ec7t Nam, Quy t\u1eafc \u0111\u1ea1o \u0111\u1ee9c v\u00e0 \u1ee9ng x\u1eed ngh\u1ec1 nghi\u1ec7p c\u1ee7a lu\u1eadt s\u01b0 Vi\u1ec7t Nam v\u00e0 Quy chu\u1ea9n \u0111\u1ea1o \u0111\u1ee9c n\u00e0y. S\u1ef1 tu\u00e2n th\u1ee7 c\u1ee7a h\u1ecd \u0111\u01b0\u1ee3c \u0111\u00e1nh gi\u00e1 th\u01b0\u1eddng xuy\u00ean v\u00e0 b\u1ea5t k\u1ef3 h\u00e0nh vi b\u1ecb nghi ng\u1edd l\u00e0 sai tr\u00e1i n\u00e0o c\u0169ng \u0111\u01b0\u1ee3c b\u00e1o c\u00e1o cho ng\u01b0\u1eddi qu\u1ea3n l\u00fd c\u1ee7a ch\u00fang t\u00f4i.<\/p>\n<p>Ch\u00fang t\u00f4i lu\u00f4n duy tr\u00ec m\u1ed9t cu\u1ed9c \u0111\u1ed1i tho\u1ea1i c\u1edfi m\u1edf t\u1ea1i n\u01a1i l\u00e0m vi\u1ec7c v\u00e0 gi\u1eefa ch\u00fang t\u00f4i v\u1edbi kh\u00e1ch h\u00e0ng.<\/p>\n<p><strong>Tu\u00e2n th\u1ee7: <span style=\"font-size: 110%;\"><em>Ch\u00fang t\u00f4i tu\u00e2n th\u1ee7 lu\u1eadt ph\u00e1p<\/em><\/span><\/strong><\/p>\n<p>Ch\u00fang t\u00f4i cam k\u1ebft cung c\u1ea5p d\u1ecbch v\u1ee5 ph\u00e1p l\u00fd m\u1ed9t c\u00e1ch chuy\u00ean nghi\u1ec7p v\u00e0 t\u1eadn t\u00e2m b\u1eb1ng c\u00e1ch tu\u00e2n th\u1ee7 lu\u1eadt ph\u00e1p Vi\u1ec7t Nam v\u00e0 lu\u1eadt ph\u00e1p v\u00e0 c\u00e1c quy \u0111\u1ecbnh trong t\u1ea5t c\u1ea3 c\u00e1c khu v\u1ef1c ph\u00e1p l\u00fd c\u00f3 li\u00ean quan.<\/p>\n<p>Ch\u00fang t\u00f4i cam k\u1ebft b\u1ea3o v\u1ec7 l\u1ee3i \u00edch c\u1ee7a kh\u00e1ch h\u00e0ng v\u00e0 kh\u00f4ng bao gi\u1edd khuy\u1ebfn kh\u00edch h\u1ecd vi ph\u1ea1m lu\u1eadt ph\u00e1p ho\u1eb7c h\u00e0nh x\u1eed phi \u0111\u1ea1o \u0111\u1ee9c. Ch\u00fang t\u00f4i t\u1eeb ch\u1ed1i cung c\u1ea5p d\u1ecbch v\u1ee5 ph\u00e1p l\u00fd khi nh\u1eadn \u0111\u01b0\u1ee3c b\u1eb1ng ch\u1ee9ng sai s\u1ef1 th\u1eadt ho\u1eb7c y\u00eau c\u1ea7u v\u00f4 c\u0103n c\u1ee9, phi \u0111\u1ea1o \u0111\u1ee9c ho\u1eb7c b\u1ea5t h\u1ee3p ph\u00e1p.<\/p>\n<p><strong>B\u1ea3o m\u1eadt:<span style=\"font-size: 110%;\"><em> Ch\u00fang t\u00f4i t\u00f4n tr\u1ecdng kh\u00e1ch h\u00e0ng<\/em><\/span><\/strong><\/p>\n<p>Ch\u00fang t\u00f4i b\u1ea3o v\u1ec7 t\u00ednh b\u1ea3o m\u1eadt c\u1ee7a t\u1ea5t c\u1ea3 c\u00e1c th\u00f4ng tin \u0111\u01b0\u1ee3c cung c\u1ea5p b\u1edfi kh\u00e1ch h\u00e0ng. Ch\u00fang t\u00f4i ch\u1ec9 y\u00eau c\u1ea7u kh\u00e1ch h\u00e0ng cung c\u1ea5p th\u00f4ng tin ho\u1eb7c t\u00e0i li\u1ec7u c\u1ea7n thi\u1ebft \u0111\u1ec3 th\u1ef1c hi\u1ec7n c\u00e1c d\u1ecbch v\u1ee5 c\u1ee7a ch\u00fang t\u00f4i.<\/p>\n<p>Vui l\u00f2ng tham kh\u1ea3o <a href=\"https:\/\/mavietnam.vn\/vi\/dieu-khoan-su-dung\/\"><u>\u0110i\u1ec1u Kho\u1ea3n S\u1eed D\u1ee5ng<\/u><\/a>, <a href=\"https:\/\/mavietnam.vn\/vi\/chinh-sach-bao-mat\/\"><u>Ch\u00ednh S\u00e1ch B\u1ea3o M\u1eadt<\/u><\/a> v\u00e0 <a href=\"https:\/\/mavietnam.vn\/vi\/chinh-sach-thu-thap-thong-tin\/\"><u>Ch\u00ednh S\u00e1ch Thu Th\u1eadp Th\u00f4ng Tin<\/u><\/a> c\u1ee7a ch\u00fang t\u00f4i \u0111\u1ec3 bi\u1ebft th\u00eam th\u00f4ng tin.<\/p>\n<p><strong>S\u1ef1 th\u1ea5u hi\u1ec3u: <span style=\"font-size: 110%;\"><em>Ch\u00fang t\u00f4i hi\u1ec3u kh\u00e1ch h\u00e0ng c\u1ee7a m\u00ecnh<\/em><\/span><\/strong><\/p>\n<p>Ch\u00fang t\u00f4i th\u1ef1c hi\u1ec7n t\u1ea5t c\u1ea3 c\u00e1c v\u1ee5 vi\u1ec7c m\u1ed9t c\u00e1ch hi\u1ec7u qu\u1ea3 v\u00e0 th\u01b0\u1eddng xuy\u00ean c\u1eadp nh\u1eadt, th\u00f4ng b\u00e1o \u0111\u1ebfn kh\u00e1ch h\u00e0ng. Ch\u00fang t\u00f4i lu\u00f4n tr\u1ea3 l\u1eddi c\u00e1c c\u00e2u h\u1ecfi c\u1ee7a kh\u00e1ch h\u00e0ng m\u1ed9t c\u00e1ch k\u1ecbp th\u1eddi v\u00e0 khi c\u00f3 th\u1ec3 trong v\u00f2ng v\u00e0i gi\u1edd.<\/p>\n<p><strong>S\u1ef1 chuy\u00ean nghi\u1ec7p: <span style=\"font-size: 110%;\"><em>Ch\u00fang t\u00f4i t\u1eadn t\u00e2m<\/em><\/span><\/strong><\/p>\n<p>Ch\u00fang t\u00f4i kh\u00f4ng bao gi\u1edd s\u1eed d\u1ee5ng t\u00e0i s\u1ea3n c\u1ee7a kh\u00e1ch h\u00e0ng tr\u00e1i v\u1edbi m\u1ee5c \u0111\u00edch h\u1ee3p ph\u00e1p c\u1ee7a h\u1ecd. Ch\u00fang t\u00f4i tuy\u1ec7t \u0111\u1ed1i t\u1eeb ch\u1ed1i v\u00e0 l\u00ean \u00e1n t\u1ea5t c\u1ea3 c\u00e1c h\u00ecnh th\u1ee9c h\u1ed1i l\u1ed9. Kh\u00e1ch h\u00e0ng s\u1ebd kh\u00f4ng bao gi\u1edd tr\u00f4ng ch\u1edd t\u1eb7ng qu\u00e0 cho c\u00e1c lu\u1eadt s\u01b0 c\u00f3 tr\u00e1ch nhi\u1ec7m hay b\u1ea5t k\u1ef3 ai li\u00ean quan \u0111\u1ebfn c\u00e1c lu\u1eadt s\u01b0. T\u01b0\u01a1ng t\u1ef1 nh\u01b0 v\u1eady, ch\u00fang t\u00f4i kh\u00f4ng nh\u1eadn ti\u1ec1n ho\u1eb7c t\u00e0i s\u1ea3n t\u1eeb c\u00e1c b\u00ean th\u1ee9 ba \u0111\u1ec3 h\u00e0nh \u0111\u1ed9ng ho\u1eb7c kh\u00f4ng h\u00e0nh \u0111\u1ed9ng c\u00f3 h\u1ea1i cho l\u1ee3i \u00edch kh\u00e1ch h\u00e0ng c\u1ee7a m\u00ecnh.<\/p>\n<p>Ch\u00fang t\u00f4i s\u1ebd t\u1eeb ch\u1ed1i \u0111\u1ea1i di\u1ec7n cho kh\u00e1ch h\u00e0ng n\u1ebfu \u0111i\u1ec1u \u0111\u00f3 d\u1eabn \u0111\u1ebfn xung \u0111\u1ed9t l\u1ee3i \u00edch v\u1edbi m\u1ed9t ho\u1eb7c m\u1ed9t s\u1ed1 kh\u00e1ch h\u00e0ng kh\u00e1c c\u1ee7a ch\u00fang t\u00f4i t\u1ea1i m\u1ed9t th\u1eddi \u0111i\u1ec3m n\u00e0o \u0111\u00f3.<\/p>\n<p><strong>S\u1ef1 \u01b0u t\u00fa: <span style=\"font-size: 110%;\"><em>Ch\u00fang t\u00f4i \u0111\u00e1ng tin c\u1eady<\/em><\/span><\/strong><\/p>\n<p>\u0110\u1ed9i ng\u0169 M&amp;A Vi\u1ec7t Nam t\u1eadn t\u00e2m v\u00e0 gi\u00e0u kinh nghi\u1ec7m, \u0111\u01b0\u1ee3c trang b\u1ecb ki\u1ebfn th\u1ee9c ph\u00e1p l\u00fd v\u00e0 k\u1ef9 n\u0103ng chuy\u00ean m\u00f4n \u0111\u1ec3 b\u1ea3o v\u1ec7 quy\u1ec1n v\u00e0 l\u1ee3i \u00edch kh\u00e1ch h\u00e0ng. Ch\u00fang t\u00f4i cung c\u1ea5p d\u1ecbch v\u1ee5 theo h\u1ee3p \u0111\u1ed3ng d\u1ecbch v\u1ee5 ph\u00e1p l\u00fd v\u1edbi c\u00e1c quy \u0111\u1ecbnh c\u1ee5 th\u1ec3 v\u00e0 r\u00f5 r\u00e0ng.<\/p>\n<p>M&amp;A Vi\u1ec7t Nam c\u0169ng cam k\u1ebft ph\u00e1t tri\u1ec3n v\u00e0 \u0111\u00e0o t\u1ea1o li\u00ean t\u1ee5c cho c\u00e1c th\u00e0nh vi\u00ean trong \u0111\u1ed9i ng\u0169 m\u1ed9t c\u00e1ch chuy\u00ean nghi\u1ec7p \u0111\u1ec3 lu\u00f4n lu\u00f4n ph\u00f9 h\u1ee3p v\u00e0 th\u1eadm ch\u00ed v\u01b0\u1ee3t xa c\u00e1c y\u00eau c\u1ea7u kinh doanh v\u00e0 ph\u00e1p l\u00fd c\u1ee7a kh\u00e1ch h\u00e0ng.<\/p>\n","protected":false},"excerpt":{"rendered":"<p>M&amp;A Vi\u1ec7t Nam cam k\u1ebft duy tr\u00ec Quy chu\u1ea9n \u0111\u1ea1o \u0111\u1ee9c cao nh\u1ea5t \u0111\u1ec3 cung c\u1ea5p d\u1ecbch v\u1ee5 ph\u00e1p l\u00fd m\u1ed9t c\u00e1ch chuy\u00ean nghi\u1ec7p v\u00e0 \u0111\u00e1ng tin c\u1eady b\u1eb1ng c\u00e1ch tu\u00e2n th\u1ee7 c\u00e1c nguy\u00ean t\u1eafc c\u1ee7a Quy chu\u1ea9n \u0111\u1ea1o \u0111\u1ee9c \u0111\u1ec3 \u0111\u1ea3m b\u1ea3o r\u1eb1ng ch\u00fang t\u00f4i \u0111\u01b0a ra nh\u1eefng quy\u1ebft \u0111\u1ecbnh chu\u1ea9n m\u1ef1c cho kh\u00e1ch&#8230;<\/p>\n","protected":false},"author":2,"featured_media":0,"parent":0,"menu_order":0,"comment_status":"closed","ping_status":"closed","template":"","meta":{"inline_featured_image":false,"footnotes":""},"class_list":["post-1684","page","type-page","status-publish","hentry"],"jetpack_sharing_enabled":true,"_links":{"self":[{"href":"https:\/\/mavietnam.vn\/vi\/wp-json\/wp\/v2\/pages\/1684","targetHints":{"allow":["GET"]}}],"collection":[{"href":"https:\/\/mavietnam.vn\/vi\/wp-json\/wp\/v2\/pages"}],"about":[{"href":"https:\/\/mavietnam.vn\/vi\/wp-json\/wp\/v2\/types\/page"}],"author":[{"embeddable":true,"href":"https:\/\/mavietnam.vn\/vi\/wp-json\/wp\/v2\/users\/2"}],"replies":[{"embeddable":true,"href":"https:\/\/mavietnam.vn\/vi\/wp-json\/wp\/v2\/comments?post=1684"}],"version-history":[{"count":6,"href":"https:\/\/mavietnam.vn\/vi\/wp-json\/wp\/v2\/pages\/1684\/revisions"}],"predecessor-version":[{"id":2226,"href":"https:\/\/mavietnam.vn\/vi\/wp-json\/wp\/v2\/pages\/1684\/revisions\/2226"}],"wp:attachment":[{"href":"https:\/\/mavietnam.vn\/vi\/wp-json\/wp\/v2\/media?parent=1684"}],"curies":[{"name":"wp","href":"https:\/\/api.w.org\/{rel}","templated":true}]}}