{"id":1686,"date":"2023-08-22T09:41:09","date_gmt":"2023-08-22T02:41:09","guid":{"rendered":"https:\/\/mavietnam.vn\/cookies-policy\/"},"modified":"2023-09-28T15:17:12","modified_gmt":"2023-09-28T08:17:12","slug":"chinh-sach-thu-thap-thong-tin","status":"publish","type":"page","link":"https:\/\/mavietnam.vn\/vi\/chinh-sach-thu-thap-thong-tin\/","title":{"rendered":"Ch\u00ednh S\u00e1ch Thu Th\u1eadp Th\u00f4ng Tin"},"content":{"rendered":"<p>Ch\u00fang t\u00f4i s\u1eed d\u1ee5ng Cookies \u0111\u1ec3 gi\u00fap t\u01b0\u01a1ng t\u00e1c c\u1ee7a qu\u00fd kh\u00e1ch v\u1edbi trang web c\u1ee7a ch\u00fang t\u00f4i nhanh h\u01a1n v\u00e0 d\u1ec5 d\u00e0ng h\u01a1n v\u00e0 hi\u1ec3u c\u00e1ch Qu\u00fd kh\u00e1ch s\u1eed d\u1ee5ng trang Web c\u1ee7a ch\u00fang.<\/p>\n<p>Qu\u00fd kh\u00e1ch c\u00f3 quy\u1ec1n ch\u1ea5p nh\u1eadn ho\u1eb7c t\u1eeb ch\u1ed1i Cookies. H\u1ea7u h\u1ebft c\u00e1c tr\u00ecnh duy\u1ec7t web t\u1ef1 \u0111\u1ed9ng ch\u1ea5p nh\u1eadn Cookies, nh\u01b0ng qu\u00fd kh\u00e1ch th\u1ec3 s\u1eeda \u0111\u1ed5i c\u00e0i \u0111\u1eb7t tr\u00ecnh duy\u1ec7t web c\u1ee7a m\u00ecnh \u0111\u1ec3 t\u1eeb ch\u1ed1i s\u1eed d\u1ee5ng Cookies ho\u1eb7c kh\u00f4ng s\u1eed d\u1ee5ng trang web c\u1ee7a ch\u00fang t\u00f4i. L\u01b0u \u00fd, khi qu\u00fd kh\u00e1ch ch\u1ecdn t\u1eeb ch\u1ed1i Cookies, qu\u00fd kh\u00e1ch kh\u00f4ng th\u1ec3 tr\u1ea3i nghi\u1ec7m \u0111\u1ea7y \u0111\u1ee7 n\u1ed9i dung trang web v\u00e0 d\u1ecbch v\u1ee5 c\u1ee7a ch\u00fang t\u00f4i.<\/p>\n<p><strong>S\u1eed d\u1ee5ng th\u00f4ng tin \u0111\u01b0\u1ee3c thu th\u1eadp<\/strong><\/p>\n<p>C\u00f3 nhi\u1ec1u lo\u1ea1i Cookies m\u00e0 M&amp;A Vi\u1ec7t Nam c\u00f3 th\u1ec3 s\u1eed d\u1ee5ng:<\/p>\n<ul>\n<li>Cookies thi\u1ebft y\u1ebfu l\u00e0 r\u1ea5t c\u1ea7n thi\u1ebft cho ho\u1ea1t \u0111\u1ed9ng c\u1ee7a trang Web. Kh\u00f4ng c\u00f3 nh\u1eefng Cookies n\u00e0y, trang Web s\u1ebd kh\u00f4ng th\u1ec3 ho\u1ea1t \u0111\u1ed9ng ch\u00ednh x\u00e1c. Do \u0111\u00f3, ch\u00fang t\u00f4i kh\u00f4ng y\u00eau c\u1ea7u s\u1ef1 \u0111\u1ed3ng \u00fd c\u1ee5 th\u1ec3 c\u1ee7a Qu\u00fd kh\u00e1ch \u0111\u1ed1i v\u1edbi nh\u1eefng Cookies n\u00e0y.<\/li>\n<li>Cookies ch\u1ee9c n\u0103ng \u0111\u01b0\u1ee3c thi\u1ebft l\u1eadp \u0111\u1ec3 c\u1ea3i thi\u1ec7n c\u00e1c ch\u1ee9c n\u0103ng c\u1ee7a trang Web. Vi\u1ec7c s\u1eed d\u1ee5ng nh\u1eefng Cookies n\u00e0y c\u00f3 th\u1ec3 cho ph\u00e9p ch\u00fang t\u00f4i cung c\u1ea5p cho Qu\u00fd kh\u00e1ch N\u1ed9i dung d\u1ecbch v\u1ee5 ph\u00f9 h\u1ee3p v\u00e0 ti\u1ebft ki\u1ec7m th\u1eddi gian c\u1ee7a Qu\u00fd kh\u00e1ch ch\u1eb3ng h\u1ea1n b\u1eb1ng c\u00e1ch nh\u1edb \u0111\u1ecba ch\u1ec9 email v\u00e0 m\u1eadt kh\u1ea9u m\u00e0 Qu\u00fd kh\u00e1ch \u0111\u00e3 cung c\u1ea5p khi \u0111\u0103ng k\u00fd trong l\u1ea7n truy c\u1eadp trang Web tr\u01b0\u1edbc \u0111\u00f3.<\/li>\n<li>Cookies hi\u1ec7u su\u1ea5t v\u00e0 ph\u00e2n t\u00edch gi\u00fap ch\u00fang t\u00f4i ph\u00e1t hi\u1ec7n b\u1ea5t k\u1ef3 l\u1ed7i n\u00e0o m\u00e0 Qu\u00fd kh\u00e1ch c\u00f3 th\u1ec3 g\u1eb7p ph\u1ea3i v\u00e0 n\u00e2ng cao ch\u1ea5t l\u01b0\u1ee3ng.<\/li>\n<\/ul>\n<p><strong>C\u1eadp nh\u1eadt Ch\u00ednh s\u00e1ch thu th\u1eadp th\u00f4ng tin<\/strong><\/p>\n<p>Ch\u00fang t\u00f4i c\u00f3 th\u1ec3 s\u1eeda \u0111\u1ed5i, \u0111i\u1ec1u ch\u1ec9nh ch\u00ednh s\u00e1ch n\u00e0y. H\u00e3y tham kh\u1ea3o trang n\u00e0y th\u01b0\u1eddng xuy\u00ean \u0111\u1ec3 xem l\u1ea1i th\u00f4ng tin b\u1ed5 sung v\u1ec1 ch\u00ednh s\u00e1ch m\u1edbi.<\/p>\n","protected":false},"excerpt":{"rendered":"<p>Ch\u00fang t\u00f4i s\u1eed d\u1ee5ng Cookies \u0111\u1ec3 gi\u00fap t\u01b0\u01a1ng t\u00e1c c\u1ee7a qu\u00fd kh\u00e1ch v\u1edbi trang web c\u1ee7a ch\u00fang t\u00f4i nhanh h\u01a1n v\u00e0 d\u1ec5 d\u00e0ng h\u01a1n v\u00e0 hi\u1ec3u c\u00e1ch Qu\u00fd kh\u00e1ch s\u1eed d\u1ee5ng trang Web c\u1ee7a ch\u00fang. Qu\u00fd kh\u00e1ch c\u00f3 quy\u1ec1n ch\u1ea5p nh\u1eadn ho\u1eb7c t\u1eeb ch\u1ed1i Cookies. H\u1ea7u h\u1ebft c\u00e1c tr\u00ecnh duy\u1ec7t web t\u1ef1 \u0111\u1ed9ng ch\u1ea5p nh\u1eadn&#8230;<\/p>\n","protected":false},"author":2,"featured_media":0,"parent":0,"menu_order":0,"comment_status":"closed","ping_status":"closed","template":"","meta":{"inline_featured_image":false,"footnotes":""},"class_list":["post-1686","page","type-page","status-publish","hentry"],"jetpack_sharing_enabled":true,"_links":{"self":[{"href":"https:\/\/mavietnam.vn\/vi\/wp-json\/wp\/v2\/pages\/1686","targetHints":{"allow":["GET"]}}],"collection":[{"href":"https:\/\/mavietnam.vn\/vi\/wp-json\/wp\/v2\/pages"}],"about":[{"href":"https:\/\/mavietnam.vn\/vi\/wp-json\/wp\/v2\/types\/page"}],"author":[{"embeddable":true,"href":"https:\/\/mavietnam.vn\/vi\/wp-json\/wp\/v2\/users\/2"}],"replies":[{"embeddable":true,"href":"https:\/\/mavietnam.vn\/vi\/wp-json\/wp\/v2\/comments?post=1686"}],"version-history":[{"count":4,"href":"https:\/\/mavietnam.vn\/vi\/wp-json\/wp\/v2\/pages\/1686\/revisions"}],"predecessor-version":[{"id":2222,"href":"https:\/\/mavietnam.vn\/vi\/wp-json\/wp\/v2\/pages\/1686\/revisions\/2222"}],"wp:attachment":[{"href":"https:\/\/mavietnam.vn\/vi\/wp-json\/wp\/v2\/media?parent=1686"}],"curies":[{"name":"wp","href":"https:\/\/api.w.org\/{rel}","templated":true}]}}