{"id":1687,"date":"2023-08-22T09:40:37","date_gmt":"2023-08-22T02:40:37","guid":{"rendered":"https:\/\/mavietnam.vn\/privacy-policy\/"},"modified":"2023-09-28T15:21:13","modified_gmt":"2023-09-28T08:21:13","slug":"chinh-sach-bao-mat","status":"publish","type":"page","link":"https:\/\/mavietnam.vn\/vi\/chinh-sach-bao-mat\/","title":{"rendered":"Ch\u00ednh S\u00e1ch B\u1ea3o M\u1eadt"},"content":{"rendered":"<p><strong>Ch\u00ednh s\u00e1ch b\u1ea3o m\u1eadt<\/strong> c\u1ee7a M&amp;A Vi\u1ec7t Nam, (\u201cCh\u00ednh s\u00e1ch b\u1ea3o m\u1eadt\u201d) m\u00f4 t\u1ea3 c\u00e1c c\u00f4ng vi\u1ec7c th\u1ef1c t\u1ebf c\u1ee7a M&amp;A Vi\u1ec7t Nam trong vi\u1ec7c thu th\u1eadp, x\u1eed l\u00fd, l\u01b0u tr\u1eef v\u00e0 b\u1ea3o v\u1ec7 d\u1eef li\u1ec7u c\u1ee7a ng\u01b0\u1eddi truy c\u1eadp website, kh\u00e1ch h\u00e0ng, kh\u00e1ch h\u00e0ng ti\u1ec1m n\u0103ng, nh\u00e0 cung c\u1ea5p v\u00e0 c\u00e1c b\u00ean th\u1ee9 ba kh\u00e1c (sau \u0111\u00e2y g\u1ecdi chung l\u00e0 \u201cQu\u00fd kh\u00e1ch\u201d).<\/p>\n<p><strong>M\u1ee5c \u0111\u00edch c\u1ee7a vi\u1ec7c thu th\u1eadp d\u1eef li\u1ec7u<\/strong><\/p>\n<p>Khi qu\u00fd kh\u00e1ch s\u1eed d\u1ee5ng trang web v\u00e0 n\u1ed9i dung d\u1ecbch v\u1ee5 c\u1ee7a ch\u00fang t\u00f4i, ch\u00fang t\u00f4i s\u1ebd ti\u1ebfn h\u00e0nh thu th\u1eadp m\u1ed9t s\u1ed1 d\u1eef li\u1ec7u. M\u1eb7c d\u00f9 qu\u00fd kh\u00e1ch kh\u00f4ng b\u1eaft bu\u1ed9c ph\u1ea3i cung c\u1ea5p d\u1eef li\u1ec7u \u0111\u00f3 khi Website y\u00eau c\u1ea7u, tuy nhi\u00ean, ch\u00fang t\u00f4i c\u00f3 th\u1ec3 kh\u00f4ng th\u1ec3 cung c\u1ea5p d\u1ecbch v\u1ee5 n\u1ebfu ch\u00fang t\u00f4i kh\u00f4ng nh\u1eadn \u0111\u01b0\u1ee3c nh\u1eefng d\u1eef li\u1ec7u n\u00e0y.<\/p>\n<p>Nh\u1eefng m\u1ee5c \u0111\u00edch m\u00e0 ch\u00fang t\u00f4i thu th\u1eadp d\u1eef li\u1ec7u tr\u00ean website bao g\u1ed3m nh\u01b0ng kh\u00f4ng gi\u1edbi h\u1ea1n \u1edf c\u00e1c m\u1ee5c sau:<\/p>\n<ul>\n<li>\u0111\u1ec3 cung c\u1ea5p d\u1ecbch v\u1ee5 theo y\u00eau c\u1ea7u c\u1ee7a h\u1ee3p \u0111\u1ed3ng d\u1ecbch v\u1ee5;<\/li>\n<li>\u0111\u1ec3 qu\u1ea3n l\u00fd c\u00e1c cam k\u1ebft v\u1edbi qu\u00fd kh\u00e1ch v\u00e0 cung c\u1ea5p c\u00e1c t\u00e0i li\u1ec7u ti\u1ebfp th\u1ecb v\u00e0 qu\u1ea3ng c\u00e1o c\u00f3 li\u00ean quan;<\/li>\n<li>\u0111\u1ec3 v\u1eadn h\u00e0nh, duy tr\u00ec ch\u1ea5t l\u01b0\u1ee3ng v\u00e0 c\u00f3 \u0111\u01b0\u1ee3c s\u1ed1 li\u1ec7u th\u1ed1ng k\u00ea chung v\u1ec1 vi\u1ec7c s\u1eed d\u1ee5ng n\u1ed9i dung v\u00e0 d\u1ecbch v\u1ee5 \u0111\u1ec3 c\u1ea3i thi\u1ec7n website v\u00e0 c\u1ea3i thi\u1ec7n tr\u1ea3i nghi\u1ec7m c\u1ee7a qu\u00fd kh\u00e1ch.<\/li>\n<\/ul>\n<p>Ch\u00fang t\u00f4i c\u1ed1 g\u1eafng ch\u1ec9 thu th\u1eadp d\u1eef li\u1ec7u c\u1ea7n thi\u1ebft li\u00ean quan \u0111\u1ebfn c\u00e1c m\u1ee5c \u0111\u00edch n\u00eau tr\u00ean.<\/p>\n<p><strong>D\u1eef li\u1ec7u \u0111\u01b0\u1ee3c thu th\u1eadp<\/strong><\/p>\n<p>D\u1eef li\u1ec7u ch\u00fang t\u00f4i c\u00f3 th\u1ec3 thu th\u1eadp \u0111\u00e1ng k\u1ec3 c\u00f3 th\u1ec3 bao g\u1ed3m th\u00f4ng tin nh\u1eadn d\u1ea1ng c\u00e1 nh\u00e2n, ch\u1eb3ng h\u1ea1n nh\u01b0 \u0111\u1ecba ch\u1ec9 email, t\u00ean, \u0111\u1ecba ch\u1ec9 th\u01b0\u1eddng tr\u00fa, s\u1ed1 \u0111i\u1ec7n tho\u1ea1i ho\u1eb7c th\u00f4ng tin thanh to\u00e1n. Ch\u00fang t\u00f4i c\u0169ng c\u00f3 th\u1ec3 thu th\u1eadp th\u00f4ng tin nh\u01b0 \u0111\u1ecba ch\u1ec9 IP, lo\u1ea1i tr\u00ecnh duy\u1ec7t, t\u00ean mi\u1ec1n, th\u1eddi gian truy c\u1eadp, h\u1ec7 \u0111i\u1ec1u h\u00e0nh, \u0111\u1ecba ch\u1ec9 Website ho\u1eb7c nh\u00e0 cung c\u1ea5p d\u1ecbch v\u1ee5 internet.<\/p>\n<p>\u0110\u1ec3 t\u00ecm hi\u1ec3u th\u00eam v\u1ec1 vi\u1ec7c cung c\u1ea5p th\u00f4ng tin, vui l\u00f2ng ki\u1ec3m tra <a href=\"https:\/\/mavietnam.vn\/vi\/chinh-sach-thu-thap-thong-tin\/\"><u>Ch\u00ednh S\u00e1ch Thu Th\u1eadp Th\u00f4ng Tin<\/u><\/a>\u00a0c\u1ee7a ch\u00fang t\u00f4i.<\/p>\n<p><strong>B\u1ea3o m\u1eadt d\u1eef li\u1ec7u \u0111\u01b0\u1ee3c \u0111\u1ea3m b\u1ea3o b\u1edfi qu\u00fd kh\u00e1ch<\/strong><\/p>\n<p>L\u00e0 ng\u01b0\u1eddi d\u00f9ng c\u1ee7a trang web c\u1ee7a ch\u00fang t\u00f4i, qu\u00fd kh\u00e1ch c\u00f3 tr\u00e1ch nhi\u1ec7m b\u1ea3o v\u1ec7 v\u00e0 ng\u0103n ch\u1eb7n truy c\u1eadp tr\u00e1i ph\u00e9p v\u00e0o t\u00e0i kho\u1ea3n, th\u00f4ng tin c\u1ee7a qu\u00fd kh\u00e1ch v\u00e0 m\u1eadt kh\u1ea9u m\u00e0 qu\u00fd kh\u00e1ch s\u1eed d\u1ee5ng \u0111\u1ec3 truy c\u1eadp trang web. Qu\u00fd kh\u00e1ch \u0111\u1ed3ng \u00fd kh\u00f4ng ti\u1ebft l\u1ed9 m\u1eadt kh\u1ea9u c\u1ee7a m\u00ecnh cho b\u1ea5t k\u1ef3 b\u00ean th\u1ee9 ba n\u00e0o v\u00e0 ch\u1ecbu tr\u00e1ch nhi\u1ec7m cho vi\u1ec7c s\u1eed d\u1ee5ng t\u00e0i kho\u1ea3n c\u00e1 nh\u00e2n c\u1ee7a qu\u00fd kh\u00e1ch, cho d\u00f9 qu\u00fd kh\u00e1ch c\u00f3 cho ph\u00e9p s\u1eed d\u1ee5ng nh\u01b0 v\u1eady hay kh\u00f4ng. Qu\u00fd kh\u00e1ch ph\u1ea3i th\u00f4ng b\u00e1o cho M&amp;A Vi\u1ec7t Nam ngay l\u1eadp t\u1ee9c v\u1ec1 b\u1ea5t k\u1ef3 h\u00e0nh vi n\u00e0o s\u1eed d\u1ee5ng tr\u00e1i ph\u00e9p t\u00e0i kho\u1ea3n c\u1ee7a qu\u00fd kh\u00e1ch.<\/p>\n<p><strong>B\u1ea3o m\u1eadt d\u1eef li\u1ec7u \u0111\u01b0\u1ee3c \u0111\u1ea3m b\u1ea3o b\u1edfi M&amp;A<\/strong><\/p>\n<p>M&amp;A s\u1ebd kh\u00f4ng b\u00e1n, thu\u00ea hay cho thu\u00ea d\u1eef li\u1ec7u c\u1ee7a qu\u00fd kh\u00e1ch cho b\u00ean th\u1ee9 ba. Tuy nhi\u00ean, ch\u00fang t\u00f4i c\u00f3 th\u1ec3 chia s\u1ebb d\u1eef li\u1ec7u c\u1ee7a Qu\u00fd kh\u00e1ch v\u1edbi c\u00e1c \u0111\u1ed1i t\u00e1c \u0111\u1ec3 th\u1ef1c hi\u1ec7n ph\u00e2n t\u00edch th\u1ed1ng k\u00ea, li\u00ean l\u1ea1c v\u1edbi Qu\u00fd kh\u00e1ch ho\u1eb7c th\u1ef1c hi\u1ec7n c\u00e1c d\u1ecbch v\u1ee5. Ti\u1ebft l\u1ed9 c\u00f3 th\u1ec3 x\u1ea3y ra n\u1ebfu m\u1ed9t d\u1ecbch v\u1ee5 c\u1ee5 th\u1ec3 li\u00ean quan \u0111\u1ebfn b\u00ean th\u1ee9 ba ho\u1eb7c khi qu\u00fd kh\u00e1ch y\u00eau c\u1ea7u ch\u00fang t\u00f4i l\u00e0m nh\u01b0 v\u1eady.<\/p>\n<p>M&amp;A c\u0169ng c\u00f3 th\u1ec3 cung c\u1ea5p d\u1eef li\u1ec7u cho c\u00e1c c\u01a1 quan c\u00f3 th\u1ea9m quy\u1ec1n khi ph\u00e1p lu\u1eadt y\u00eau c\u1ea7u.<\/p>\n<p>Ch\u00fang t\u00f4i h\u01b0\u1edbng \u0111\u1ebfn vi\u1ec7c gi\u1eef an to\u00e0n cho d\u1eef li\u1ec7u c\u1ee7a qu\u00fd kh\u00e1ch b\u1eb1ng c\u00e1c ph\u01b0\u01a1ng ti\u1ec7n kh\u00e1c nhau, \u0111\u1eb7c bi\u1ec7t l\u00e0 c\u00e1c quy \u0111\u1ecbnh n\u1ed9i b\u1ed9, ki\u1ec3m so\u00e1t k\u1ef9 thu\u1eadt (\u0111\u1ec3 gi\u1edbi h\u1ea1n quy\u1ec1n truy c\u1eadp d\u1eef li\u1ec7u cho nh\u1eefng ng\u01b0\u1eddi c\u1ea7n n\u00f3 \u0111\u1ec3 cung c\u1ea5p d\u1ecbch v\u1ee5), c\u00e1c bi\u1ec7n ph\u00e1p k\u1ef9 thu\u1eadt (nh\u01b0 t\u01b0\u1eddng l\u1eeda, ph\u1ea7n m\u1ec1m m\u00e3 h\u00f3a v\u00e0 ch\u1ed1ng vi-r\u00fat). Tuy nhi\u00ean, vi\u1ec7c truy\u1ec1n d\u1eef li\u1ec7u (\u0111\u00e1ng ch\u00fa \u00fd qua internet) kh\u00f4ng bao gi\u1edd ho\u00e0n to\u00e0n an to\u00e0n v\u00e0 M&amp;A Vi\u1ec7t Nam kh\u00f4ng th\u1ec3 \u0111\u1ea3m b\u1ea3o t\u00ednh b\u1ea3o m\u1eadt c\u1ee7a d\u1eef li\u1ec7u \u0111\u01b0\u1ee3c truy\u1ec1n.<\/p>\n<p><strong>\u0110\u1ed3ng \u00fd nh\u1eadn Email<\/strong><\/p>\n<p>Khi t\u1ea1o t\u00e0i kho\u1ea3n tr\u00ean website c\u1ee7a ch\u00fang t\u00f4i, qu\u00fd kh\u00e1ch \u0111\u1ed3ng \u00fd nh\u1eadn email t\u1eeb M&amp;A Vi\u1ec7t Nam, g\u1ed3m b\u1ea3n tin, \u01b0u \u0111\u00e3i \u0111\u1eb7c bi\u1ec7t, nh\u1eafc nh\u1edf v\u00e0 c\u1eadp nh\u1eadt t\u00e0i kho\u1ea3n.<\/p>\n<p><strong>Th\u1eddi h\u1ea1n l\u01b0u tr\u1eef d\u1eef li\u1ec7u<\/strong><\/p>\n<p>Ch\u00fang t\u00f4i s\u1ebd gi\u1eef l\u1ea1i d\u1eef li\u1ec7u \u0111\u01b0\u1ee3c thu th\u1eadp trong su\u1ed1t th\u1eddi gian cung c\u1ea5p d\u1ecbch v\u1ee5 v\u00e0 mi\u1ec5n l\u00e0 d\u1eef li\u1ec7u \u0111\u00f3 l\u00e0 c\u1ea7n thi\u1ebft \u0111\u1ec3 gi\u1ea3i quy\u1ebft m\u1ecdi tranh ch\u1ea5p ho\u1eb7c tu\u00e2n th\u1ee7 ngh\u0129a v\u1ee5 ph\u00e1p l\u00fd c\u1ee7a ch\u00fang t\u00f4i.<\/p>\n<p><strong>Ki\u1ec3m so\u00e1t d\u1eef li\u1ec7u c\u1ee7a qu\u00fd kh\u00e1ch<\/strong><\/p>\n<p>Qu\u00fd kh\u00e1ch c\u00f3 th\u1ec3 y\u00eau c\u1ea7u M&amp;A Vi\u1ec7t Nam cung c\u1ea5p b\u1ea3n sao cho b\u1ea5t k\u1ef3 d\u1eef li\u1ec7u n\u00e0o ch\u00fang t\u00f4i l\u01b0u gi\u1eef cho qu\u00fd kh\u00e1ch. B\u1ea5t c\u1ee9 l\u00fac n\u00e0o qu\u00fd kh\u00e1ch mu\u1ed1n ch\u00fang t\u00f4i truy c\u1eadp, ch\u1ec9nh s\u1eeda ho\u1eb7c x\u00f3a d\u1eef li\u1ec7u c\u1ee7a qu\u00fd kh\u00e1ch ho\u1eb7c n\u1ebfu qu\u00fd kh\u00e1ch mu\u1ed1n bi\u1ebft li\u1ec7u d\u1eef li\u1ec7u c\u1ee7a qu\u00fd kh\u00e1ch c\u00f3 \u0111\u01b0\u1ee3c M&amp;A Vi\u1ec7t Nam x\u1eed l\u00fd hay kh\u00f4ng. Vui l\u00f2ng li\u00ean h\u1ec7 v\u1edbi ch\u00fang t\u00f4i th\u00f4ng qua email: inquiry@adminb0dd5099c0.wpcomstaging.com.<\/p>\n","protected":false},"excerpt":{"rendered":"<p>Ch\u00ednh s\u00e1ch b\u1ea3o m\u1eadt c\u1ee7a M&amp;A Vi\u1ec7t Nam, (\u201cCh\u00ednh s\u00e1ch b\u1ea3o m\u1eadt\u201d) m\u00f4 t\u1ea3 c\u00e1c c\u00f4ng vi\u1ec7c th\u1ef1c t\u1ebf c\u1ee7a M&amp;A Vi\u1ec7t Nam trong vi\u1ec7c thu th\u1eadp, x\u1eed l\u00fd, l\u01b0u tr\u1eef v\u00e0 b\u1ea3o v\u1ec7 d\u1eef li\u1ec7u c\u1ee7a ng\u01b0\u1eddi truy c\u1eadp website, kh\u00e1ch h\u00e0ng, kh\u00e1ch h\u00e0ng ti\u1ec1m n\u0103ng, nh\u00e0 cung c\u1ea5p v\u00e0 c\u00e1c b\u00ean th\u1ee9 ba&#8230;<\/p>\n","protected":false},"author":2,"featured_media":0,"parent":0,"menu_order":0,"comment_status":"closed","ping_status":"closed","template":"","meta":{"inline_featured_image":false,"footnotes":""},"class_list":["post-1687","page","type-page","status-publish","hentry"],"jetpack_sharing_enabled":true,"_links":{"self":[{"href":"https:\/\/mavietnam.vn\/vi\/wp-json\/wp\/v2\/pages\/1687","targetHints":{"allow":["GET"]}}],"collection":[{"href":"https:\/\/mavietnam.vn\/vi\/wp-json\/wp\/v2\/pages"}],"about":[{"href":"https:\/\/mavietnam.vn\/vi\/wp-json\/wp\/v2\/types\/page"}],"author":[{"embeddable":true,"href":"https:\/\/mavietnam.vn\/vi\/wp-json\/wp\/v2\/users\/2"}],"replies":[{"embeddable":true,"href":"https:\/\/mavietnam.vn\/vi\/wp-json\/wp\/v2\/comments?post=1687"}],"version-history":[{"count":5,"href":"https:\/\/mavietnam.vn\/vi\/wp-json\/wp\/v2\/pages\/1687\/revisions"}],"predecessor-version":[{"id":2223,"href":"https:\/\/mavietnam.vn\/vi\/wp-json\/wp\/v2\/pages\/1687\/revisions\/2223"}],"wp:attachment":[{"href":"https:\/\/mavietnam.vn\/vi\/wp-json\/wp\/v2\/media?parent=1687"}],"curies":[{"name":"wp","href":"https:\/\/api.w.org\/{rel}","templated":true}]}}