{"id":1691,"date":"2023-08-10T02:22:42","date_gmt":"2023-08-09T19:22:42","guid":{"rendered":"https:\/\/mavietnam.vn\/partner\/"},"modified":"2023-12-03T16:09:05","modified_gmt":"2023-12-03T09:09:05","slug":"doi-tac","status":"publish","type":"page","link":"https:\/\/mavietnam.vn\/vi\/doi-tac\/","title":{"rendered":"\u0110\u1ed1i T\u00e1c"},"content":{"rendered":"  <div id=\"page-header-1767478609\" class=\"page-header-wrapper\">\n  <div class=\"page-title page-headerr dark featured-title\">\n\n        <div class=\"page-title-bg\">\n      <div class=\"title-bg fill bg-fill\"\n        data-parallax-container=\".page-title\"\n        data-parallax-background\n        data-parallax=\"-\">\n      <\/div>\n      <div class=\"title-overlay fill\"><\/div>\n    <\/div>\n    \n    <div class=\"page-title-inner container align-center text-center flex-row-col medium-flex-wrap\" >\n              <div class=\"title-wrapper uppercase flex-col\">\n          <h1 class=\"entry-title mb-0\">\n            \u0110\u1ed1i T\u00e1c          <\/h1>\n        <\/div>\n                    <div class=\"title-content flex-col\">\n        <div class=\"title-breadcrumbs pb-half pt-half\"><nav class=\"woocommerce-breadcrumb breadcrumbs uppercase\">Home<\/nav><\/div>      <\/div>\n    <\/div>\n\n     \n<style>\n#page-header-1767478609 .page-title-inner {\n  min-height: 200px;\n}\n#page-header-1767478609 .title-bg {\n  background-image: url(https:\/\/mavietnam.vn\/wp-content\/uploads\/2023\/08\/paul-earle-xJ2tjuUHD9M-unsplash.jpg);\n  background-position: 31% 62%;\n}\n<\/style>\n  <\/div>\n    <\/div>\n  \n\t<section class=\"section\" id=\"section_863823738\">\n\t\t<div class=\"bg section-bg fill bg-fill  bg-loaded\" >\n\n\t\t\t\n\t\t\t\n\t\t\t\n\n\t\t<\/div>\n\n\t\t\n\n\t\t<div class=\"section-content relative\">\n\t\t\t\n\t<div id=\"gap-1795876287\" class=\"gap-element clearfix\" style=\"display:block; height:auto;\">\n\t\t\n<style>\n#gap-1795876287 {\n  padding-top: 30px;\n}\n<\/style>\n\t<\/div>\n\t\n<div class=\"row align-equal\"  id=\"row-1577846259\">\n\n\t<div id=\"col-675892961\" class=\"col medium-5 small-12 large-6\"  >\n\t\t\t\t<div class=\"col-inner\"  >\n\t\t\t\n\t\t\t\n\t<div class=\"img has-hover img-radius-10 x md-x lg-x y md-y lg-y\" id=\"image_1171526652\">\n\t\t\t\t\t\t\t\t<div class=\"img-inner image-cover dark\" style=\"padding-top:100%;\">\n\t\t\t<img data-recalc-dims=\"1\" loading=\"lazy\" decoding=\"async\" width=\"996\" height=\"996\" src=\"https:\/\/i0.wp.com\/mavietnam.vn\/wp-content\/uploads\/2023\/09\/merger-acquisition-plf-law-firm.jpg?resize=996%2C996&#038;ssl=1\" class=\"attachment-original size-original\" alt=\"\" srcset=\"https:\/\/i0.wp.com\/mavietnam.vn\/wp-content\/uploads\/2023\/09\/merger-acquisition-plf-law-firm.jpg?w=996&amp;ssl=1 996w, https:\/\/i0.wp.com\/mavietnam.vn\/wp-content\/uploads\/2023\/09\/merger-acquisition-plf-law-firm.jpg?resize=300%2C300&amp;ssl=1 300w, https:\/\/i0.wp.com\/mavietnam.vn\/wp-content\/uploads\/2023\/09\/merger-acquisition-plf-law-firm.jpg?resize=150%2C150&amp;ssl=1 150w, https:\/\/i0.wp.com\/mavietnam.vn\/wp-content\/uploads\/2023\/09\/merger-acquisition-plf-law-firm.jpg?resize=768%2C768&amp;ssl=1 768w, https:\/\/i0.wp.com\/mavietnam.vn\/wp-content\/uploads\/2023\/09\/merger-acquisition-plf-law-firm.jpg?resize=600%2C600&amp;ssl=1 600w, https:\/\/i0.wp.com\/mavietnam.vn\/wp-content\/uploads\/2023\/09\/merger-acquisition-plf-law-firm.jpg?resize=100%2C100&amp;ssl=1 100w\" sizes=\"auto, (max-width: 996px) 100vw, 996px\" \/>\t\t\t\t\t\t\n\t\t\t\t\t<\/div>\n\t\t\t\t\t\t\t\t\n<style>\n#image_1171526652 {\n  width: 100%;\n}\n<\/style>\n\t<\/div>\n\t\n\t\t<\/div>\n\t\t\t\t\t<\/div>\n\n\t\n\n\t<div id=\"col-419182370\" class=\"col medium-7 small-12 large-6\"  >\n\t\t\t\t<div class=\"col-inner text-center\"  >\n\t\t\t\n\t\t\t\n\t<div id=\"text-234515171\" class=\"text\">\n\t\t\n<h2 class=\"mona-title\">\u0110\u1ed0I T\u00c1C C\u1ee6A CH\u00daNG T\u00d4I<\/h2>\n<p>V\u1edbi h\u01a1n 15 n\u0103m ph\u00e1t tri\u1ec3n, c\u00f4ng ty Lu\u1eadt PLF l\u00e0 \u0111\u1ed1i t\u00e1c tin c\u1eady c\u1ee7a ch\u00fang t\u00f4i trong l\u0129nh v\u1ef1c ph\u00e1p l\u00fd.<\/p>\n<p>PLF t\u1eadp trung cung c\u1ea5p c\u00e1c d\u1ecbch v\u1ee5, bao g\u1ed3m Mua b\u00e1n &amp; S\u00e1p nh\u1eadp, Tu\u00e2n th\u1ee7 doanh nghi\u1ec7p, S\u1edf h\u1eefu tr\u00ed tu\u1ec7, Lao \u0111\u1ed9ng v\u00e0 Gi\u1ea3i quy\u1ebft tranh ch\u1ea5p.<\/p>\n<p>Khi n\u00f3i \u0111\u1ebfn c\u00e1c th\u01b0\u01a1ng v\u1ee5 Mua b\u00e1n &amp; S\u00e1p nh\u1eadp, PLF \u0111\u01b0\u1ee3c bi\u1ebft \u0111\u1ebfn l\u00e0 m\u1ed9t \u0111\u01a1n v\u1ecb uy t\u00edn, nh\u1edd v\u1ed1n hi\u1ec3u bi\u1ebft s\u00e2u r\u1ed9ng, s\u1ef1 nh\u1ea1y b\u00e9n khi nh\u1eadn di\u1ec7n nhu c\u1ea7u v\u00e0 nh\u1eefng r\u1ee7i ro ti\u1ec1m \u1ea9n, \u0111\u01b0a ra gi\u1ea3i ph\u00e1p k\u1ecbp th\u1eddi \u0111\u1ec3 \u0111\u1ea3m b\u1ea3o qu\u00e1 tr\u00ecnh th\u1ef1c hi\u1ec7n giao d\u1ecbch di\u1ec5n ra tr\u00f4i ch\u1ea3y v\u00e0 h\u00e0i h\u00f2a l\u1ee3i \u00edch c\u00e1c b\u00ean.<\/p>\n<p>V\u1edbi b\u1ec1 d\u00e0y kinh nghi\u1ec7m h\u1ed7 tr\u1ee3 c\u00e1c doanh nghi\u1ec7p, t\u1eadp \u0111o\u00e0n l\u1edbn trong ho\u1ea1t \u0111\u1ed9ng kinh doanh, PLF \u0111\u01b0\u1ee3c b\u00ecnh ch\u1ecdn l\u00e0 h\u00e3ng lu\u1eadt xu\u1ea5t s\u1eafc t\u1ea1i c\u00e1c b\u1ea3ng x\u1ebfp h\u1ea1ng uy t\u00edn bao g\u1ed3m Chambers, The Legal 500, IFLR 1000 v\u00e0 Asia Law.<\/p>\n<p>C\u00f9ng v\u1edbi c\u00f4ng ty Lu\u1eadt PLF, ch\u00fang t\u00f4i lu\u00f4n s\u1eb5n s\u00e0ng h\u1ed7 tr\u1ee3 xuy\u00ean su\u1ed1t qu\u00e1 tr\u00ecnh tri\u1ec3n khai giao d\u1ecbch Mua b\u00e1n &amp; S\u00e1p nh\u1eadp, cung c\u1ea5p c\u00e1c g\u00f3i d\u1ecbch v\u1ee5 t\u1eeb ph\u00e1p l\u00fd \u0111\u1ebfn ki\u1ec3m to\u00e1n, t\u00e0i ch\u00ednh theo nhu c\u1ea7u c\u1ee7a doanh nghi\u1ec7p.<\/p>\n\t\t\n<style>\n#text-234515171 {\n  text-align: left;\n}\n<\/style>\n\t<\/div>\n\t\n<div class=\"is-divider divider clearfix\" ><\/div>\n<a rel=\"noopener noreferrer\" href=\"https:\/\/plf.vn\/vi\/\" target=\"_blank\" class=\"button primary lowercase reveal-icon\"  style=\"border-radius:99px;\">\n    <span>Truy c\u1eadp website<\/span>\n  <i class=\"icon-angle-right\" aria-hidden=\"true\" ><\/i><\/a>\n\n\t\t<\/div>\n\t\t\t\t\t<\/div>\n\n\t\n<\/div>\n\t\t<\/div>\n\n\t\t\n<style>\n#section_863823738 {\n  padding-top: 30px;\n  padding-bottom: 30px;\n}\n#section_863823738 .ux-shape-divider--top svg {\n  height: 150px;\n  --divider-top-width: 100%;\n}\n#section_863823738 .ux-shape-divider--bottom svg {\n  height: 150px;\n  --divider-width: 100%;\n}\n<\/style>\n\t<\/section>\n\t\n\t<section class=\"section\" id=\"section_726527516\">\n\t\t<div class=\"bg section-bg fill bg-fill  bg-loaded\" >\n\n\t\t\t\n\t\t\t\n\t\t\t\n\n\t\t<\/div>\n\n\t\t\n\n\t\t<div class=\"section-content relative\">\n\t\t\t\n<div class=\"row\"  id=\"row-873713387\">\n\n\t<div id=\"col-1003195143\" class=\"col small-12 large-12\"  data-animate=\"fadeInLeft\">\n\t\t\t\t<div class=\"col-inner\"  >\n\t\t\t\n\t\t\t\n<h2 class=\"mona-title\">DANH M\u1ee4C D\u1ecaCH V\u1ee4<\/h2>\n\t\t<\/div>\n\t\t\t\t\n<style>\n#col-1003195143 > .col-inner {\n  padding: 30px 0px 0px 0px;\n}\n<\/style>\n\t<\/div>\n\n\t\n<\/div>\n<div class=\"row\"  id=\"row-1616451533\">\n\n\t<div id=\"col-1376529538\" class=\"col service-col1 medium-4 small-12 large-4\"  data-animate=\"fadeInUp\">\n\t\t\t\t<div class=\"col-inner\"  >\n\t\t\t\n\t\t\t\n\t<div class=\"box has-hover ser-imgbox img-radius-10  has-hover box-text-bottom\" >\n\n\t\t<div class=\"box-image\" >\n\t\t\t<a href=\"https:\/\/plf.vn\/vi\/dich-vu\/tu-van-dau-tu\/\" target=\"_blank\" rel=\"noopener noreferrer\" >\t\t\t<div class=\"image-overlay-add image-cover\" style=\"padding-top:250px;\">\n\t\t\t\t<img data-recalc-dims=\"1\" loading=\"lazy\" decoding=\"async\" width=\"1020\" height=\"680\" src=\"https:\/\/i0.wp.com\/mavietnam.vn\/wp-content\/uploads\/2023\/09\/plf-law-doing-business-vietnam.jpg?resize=1020%2C680&#038;ssl=1\" class=\"attachment-original size-original\" alt=\"\" srcset=\"https:\/\/i0.wp.com\/mavietnam.vn\/wp-content\/uploads\/2023\/09\/plf-law-doing-business-vietnam.jpg?w=2500&amp;ssl=1 2500w, https:\/\/i0.wp.com\/mavietnam.vn\/wp-content\/uploads\/2023\/09\/plf-law-doing-business-vietnam.jpg?resize=300%2C200&amp;ssl=1 300w, https:\/\/i0.wp.com\/mavietnam.vn\/wp-content\/uploads\/2023\/09\/plf-law-doing-business-vietnam.jpg?resize=1024%2C682&amp;ssl=1 1024w, https:\/\/i0.wp.com\/mavietnam.vn\/wp-content\/uploads\/2023\/09\/plf-law-doing-business-vietnam.jpg?resize=768%2C512&amp;ssl=1 768w, https:\/\/i0.wp.com\/mavietnam.vn\/wp-content\/uploads\/2023\/09\/plf-law-doing-business-vietnam.jpg?resize=1536%2C1024&amp;ssl=1 1536w, https:\/\/i0.wp.com\/mavietnam.vn\/wp-content\/uploads\/2023\/09\/plf-law-doing-business-vietnam.jpg?resize=2048%2C1365&amp;ssl=1 2048w, https:\/\/i0.wp.com\/mavietnam.vn\/wp-content\/uploads\/2023\/09\/plf-law-doing-business-vietnam.jpg?resize=600%2C400&amp;ssl=1 600w\" sizes=\"auto, (max-width: 1020px) 100vw, 1020px\" \/>\t\t\t\t<div class=\"overlay\" style=\"background-color:rgba(255, 255, 255, 0.26)\"><\/div>\t\t\t\t\t\t\t<\/div>\n\t\t\t<\/a>\t\t<\/div>\n\n\t\t<div class=\"box-text text-center\" >\n\t\t\t<div class=\"box-text-inner\">\n\t\t\t\t\n<div class=\"ser-img-text\">\n<h4><a href=\"https:\/\/plf.vn\/vi\/dich-vu\/tu-van-dau-tu\/\"><span style=\"color: #282828;\">T\u01af V\u1ea4N \u0110\u1ea6U T\u01af<\/span><\/a><\/h4>\n<div class=\"line-bottom-small\">\u00a0<\/div>\n<p>Cung c\u1ea5p h\u01b0\u1edbng d\u1eabn to\u00e0n di\u1ec7n t\u1eeb vi\u1ec7c tu\u00e2n th\u1ee7 ph\u00e1p lu\u1eadt \u0111\u1ebfn chi\u1ebfn l\u01b0\u1ee3c \u0111\u1ea7u t\u01b0 v\u00e0 v\u0103n h\u00f3a kinh doanh t\u1ea1i Vi\u1ec7t Nam.<\/p>\n<\/div>\n\t\t\t<\/div>\n\t\t<\/div>\n\t<\/div>\n\t\n\t\t<\/div>\n\t\t\t\t\t<\/div>\n\n\t\n\n\t<div id=\"col-1762730590\" class=\"col service-col1 medium-4 small-12 large-4\"  data-animate=\"fadeInUp\">\n\t\t\t\t<div class=\"col-inner\"  >\n\t\t\t\n\t\t\t\n\t<div class=\"box has-hover ser-imgbox img-radius-10  has-hover box-text-bottom\" >\n\n\t\t<div class=\"box-image\" >\n\t\t\t<a href=\"https:\/\/plf.vn\/vi\/dich-vu\/mua-ban-sap-nhap\/\" target=\"_blank\" rel=\"noopener noreferrer\" >\t\t\t<div class=\"image-overlay-add image-cover\" style=\"padding-top:250px;\">\n\t\t\t\t<img data-recalc-dims=\"1\" loading=\"lazy\" decoding=\"async\" width=\"1020\" height=\"677\" src=\"https:\/\/i0.wp.com\/mavietnam.vn\/wp-content\/uploads\/2023\/09\/plf-law-merger-acquisition.png?resize=1020%2C677&#038;ssl=1\" class=\"attachment-original size-original\" alt=\"\" srcset=\"https:\/\/i0.wp.com\/mavietnam.vn\/wp-content\/uploads\/2023\/09\/plf-law-merger-acquisition.png?w=1500&amp;ssl=1 1500w, https:\/\/i0.wp.com\/mavietnam.vn\/wp-content\/uploads\/2023\/09\/plf-law-merger-acquisition.png?resize=300%2C199&amp;ssl=1 300w, https:\/\/i0.wp.com\/mavietnam.vn\/wp-content\/uploads\/2023\/09\/plf-law-merger-acquisition.png?resize=1024%2C680&amp;ssl=1 1024w, https:\/\/i0.wp.com\/mavietnam.vn\/wp-content\/uploads\/2023\/09\/plf-law-merger-acquisition.png?resize=768%2C510&amp;ssl=1 768w, https:\/\/i0.wp.com\/mavietnam.vn\/wp-content\/uploads\/2023\/09\/plf-law-merger-acquisition.png?resize=600%2C398&amp;ssl=1 600w\" sizes=\"auto, (max-width: 1020px) 100vw, 1020px\" \/>\t\t\t\t<div class=\"overlay\" style=\"background-color:rgba(255, 255, 255, 0.26)\"><\/div>\t\t\t\t\t\t\t<\/div>\n\t\t\t<\/a>\t\t<\/div>\n\n\t\t<div class=\"box-text text-center\" >\n\t\t\t<div class=\"box-text-inner\">\n\t\t\t\t\n<div class=\"ser-img-text\">\n<h4><a href=\"https:\/\/plf.vn\/vi\/dich-vu\/mua-ban-sap-nhap\/\"><span style=\"color: #282828;\">MUA B\u00c1N &amp; S\u00c1P NH\u1eacP<\/span><\/a><\/h4>\n<div class=\"line-bottom-small\">\u00a0<\/div>\n<p>T\u01b0 v\u1ea5n th\u1ef1c hi\u1ec7n c\u00e1c giao d\u1ecbch Mua b\u00e1n &amp; S\u00e1p nh\u1eadp hi\u1ec7u qu\u1ea3, t\u1eeb ho\u1ea1ch \u0111\u1ecbnh chi\u1ebfn l\u01b0\u1ee3c \u0111\u1ebfn th\u1ea9m \u0111\u1ecbnh v\u00e0 t\u00edch h\u1ee3p h\u1eadu M&amp;A.<\/p>\n<\/div>\n\t\t\t<\/div>\n\t\t<\/div>\n\t<\/div>\n\t\n\t\t<\/div>\n\t\t\t\t\t<\/div>\n\n\t\n\n\t<div id=\"col-1399256425\" class=\"col service-col1 medium-4 small-12 large-4\"  data-animate=\"fadeInUp\">\n\t\t\t\t<div class=\"col-inner\"  >\n\t\t\t\n\t\t\t\n\t<div class=\"box has-hover ser-imgbox img-radius-10  has-hover box-text-bottom\" >\n\n\t\t<div class=\"box-image\" >\n\t\t\t<a href=\"https:\/\/plf.vn\/vi\/dich-vu\/tuan-thu-doanh-nghiep\/\" target=\"_blank\" rel=\"noopener noreferrer\" >\t\t\t<div class=\"image-overlay-add image-cover\" style=\"padding-top:250px;\">\n\t\t\t\t<img data-recalc-dims=\"1\" loading=\"lazy\" decoding=\"async\" width=\"1020\" height=\"677\" src=\"https:\/\/i0.wp.com\/mavietnam.vn\/wp-content\/uploads\/2023\/09\/plf-law-regulatory-compliance.png?resize=1020%2C677&#038;ssl=1\" class=\"attachment-original size-original\" alt=\"\" srcset=\"https:\/\/i0.wp.com\/mavietnam.vn\/wp-content\/uploads\/2023\/09\/plf-law-regulatory-compliance.png?w=1500&amp;ssl=1 1500w, https:\/\/i0.wp.com\/mavietnam.vn\/wp-content\/uploads\/2023\/09\/plf-law-regulatory-compliance.png?resize=300%2C199&amp;ssl=1 300w, https:\/\/i0.wp.com\/mavietnam.vn\/wp-content\/uploads\/2023\/09\/plf-law-regulatory-compliance.png?resize=1024%2C680&amp;ssl=1 1024w, https:\/\/i0.wp.com\/mavietnam.vn\/wp-content\/uploads\/2023\/09\/plf-law-regulatory-compliance.png?resize=768%2C510&amp;ssl=1 768w, https:\/\/i0.wp.com\/mavietnam.vn\/wp-content\/uploads\/2023\/09\/plf-law-regulatory-compliance.png?resize=600%2C398&amp;ssl=1 600w\" sizes=\"auto, (max-width: 1020px) 100vw, 1020px\" \/>\t\t\t\t<div class=\"overlay\" style=\"background-color:rgba(255, 255, 255, 0.26)\"><\/div>\t\t\t\t\t\t\t<\/div>\n\t\t\t<\/a>\t\t<\/div>\n\n\t\t<div class=\"box-text text-center\" >\n\t\t\t<div class=\"box-text-inner\">\n\t\t\t\t\n<div class=\"ser-img-text\">\n<h4><a href=\"https:\/\/plf.vn\/vi\/dich-vu\/tuan-thu-doanh-nghiep\/\"><span style=\"color: #282828;\">TU\u00c2N TH\u1ee6 DOANH NGHI\u1ec6P<\/span><\/a><\/h4>\n<div class=\"line-bottom-small\">\u00a0<\/div>\n<p>T\u01b0 v\u1ea5n th\u1ef1c hi\u1ec7n tu\u00e2n th\u1ee7, gi\u1ea3m thi\u1ec3u r\u1ee7i ro ph\u00e1p l\u00fd v\u00e0 x\u00e2y d\u1ef1ng chi\u1ebfn l\u01b0\u1ee3c thu\u1ebf, \u0111\u1ea3m b\u1ea3o s\u1ef1 ph\u00e1t tri\u1ec3n b\u1ec1n v\u1eefng cho doanh nghi\u1ec7p.<\/p>\n<\/div>\n\t\t\t<\/div>\n\t\t<\/div>\n\t<\/div>\n\t\n\t\t<\/div>\n\t\t\t\t\t<\/div>\n\n\t\n\n\t<div id=\"col-1504402467\" class=\"col service-col1 medium-4 small-12 large-4\"  data-animate=\"fadeInUp\">\n\t\t\t\t<div class=\"col-inner\"  >\n\t\t\t\n\t\t\t\n\t<div class=\"box has-hover ser-imgbox img-radius-10  has-hover box-text-bottom\" >\n\n\t\t<div class=\"box-image\" >\n\t\t\t<a href=\"https:\/\/plf.vn\/vi\/dich-vu\/luat-su-noi-bo\/\" target=\"_blank\" rel=\"noopener noreferrer\" >\t\t\t<div class=\"image-overlay-add image-cover\" style=\"padding-top:250px;\">\n\t\t\t\t<img data-recalc-dims=\"1\" loading=\"lazy\" decoding=\"async\" width=\"1020\" height=\"677\" src=\"https:\/\/i0.wp.com\/mavietnam.vn\/wp-content\/uploads\/2023\/09\/plf-law-in-house-consult.png?resize=1020%2C677&#038;ssl=1\" class=\"attachment-original size-original\" alt=\"\" srcset=\"https:\/\/i0.wp.com\/mavietnam.vn\/wp-content\/uploads\/2023\/09\/plf-law-in-house-consult.png?w=1500&amp;ssl=1 1500w, https:\/\/i0.wp.com\/mavietnam.vn\/wp-content\/uploads\/2023\/09\/plf-law-in-house-consult.png?resize=300%2C199&amp;ssl=1 300w, https:\/\/i0.wp.com\/mavietnam.vn\/wp-content\/uploads\/2023\/09\/plf-law-in-house-consult.png?resize=1024%2C680&amp;ssl=1 1024w, https:\/\/i0.wp.com\/mavietnam.vn\/wp-content\/uploads\/2023\/09\/plf-law-in-house-consult.png?resize=768%2C510&amp;ssl=1 768w, https:\/\/i0.wp.com\/mavietnam.vn\/wp-content\/uploads\/2023\/09\/plf-law-in-house-consult.png?resize=600%2C398&amp;ssl=1 600w\" sizes=\"auto, (max-width: 1020px) 100vw, 1020px\" \/>\t\t\t\t<div class=\"overlay\" style=\"background-color:rgba(255, 255, 255, 0.26)\"><\/div>\t\t\t\t\t\t\t<\/div>\n\t\t\t<\/a>\t\t<\/div>\n\n\t\t<div class=\"box-text text-center\" >\n\t\t\t<div class=\"box-text-inner\">\n\t\t\t\t\n<div class=\"ser-img-text\">\n<h4><a href=\"https:\/\/plf.vn\/vi\/dich-vu\/luat-su-noi-bo\/\"><span style=\"color: #282828;\">LU\u1eacT S\u01af N\u1ed8I B\u1ed8<\/span><\/a><\/h4>\n<div class=\"line-bottom-small\">\u00a0<\/div>\n<p>Ho\u1ea1t \u0111\u1ed9ng nh\u01b0 m\u1ed9t b\u1ed9 ph\u1eadn ph\u00e1p l\u00fd \u0111\u1ed9c l\u1eadp, x\u1eed l\u00fd c\u00e1c y\u00eau c\u1ea7u v\u00e0 c\u1eadp nh\u1eadt c\u00e1c quy \u0111\u1ecbnh ph\u00e1p lu\u1eadt m\u1edbi m\u1ed9t c\u00e1ch nhanh nh\u1ea5t.<\/p>\n<\/div>\n\t\t\t<\/div>\n\t\t<\/div>\n\t<\/div>\n\t\n\t\t<\/div>\n\t\t\t\t\t<\/div>\n\n\t\n\n\t<div id=\"col-2046983537\" class=\"col service-col1 medium-4 small-12 large-4\"  data-animate=\"fadeInUp\">\n\t\t\t\t<div class=\"col-inner text-center\"  >\n\t\t\t\n\t\t\t\n\t<div class=\"box has-hover ser-imgbox img-radius-10  has-hover box-text-bottom\" >\n\n\t\t<div class=\"box-image\" >\n\t\t\t<a href=\"https:\/\/plf.vn\/vi\/dich-vu\/so-huu-tri-tue\/\" target=\"_blank\" rel=\"noopener noreferrer\" >\t\t\t<div class=\"image-overlay-add image-cover\" style=\"padding-top:250px;\">\n\t\t\t\t<img data-recalc-dims=\"1\" loading=\"lazy\" decoding=\"async\" width=\"1020\" height=\"677\" src=\"https:\/\/i0.wp.com\/mavietnam.vn\/wp-content\/uploads\/2023\/09\/plf-law-intellectual-property.png?resize=1020%2C677&#038;ssl=1\" class=\"attachment-original size-original\" alt=\"\" srcset=\"https:\/\/i0.wp.com\/mavietnam.vn\/wp-content\/uploads\/2023\/09\/plf-law-intellectual-property.png?w=1500&amp;ssl=1 1500w, https:\/\/i0.wp.com\/mavietnam.vn\/wp-content\/uploads\/2023\/09\/plf-law-intellectual-property.png?resize=300%2C199&amp;ssl=1 300w, https:\/\/i0.wp.com\/mavietnam.vn\/wp-content\/uploads\/2023\/09\/plf-law-intellectual-property.png?resize=1024%2C680&amp;ssl=1 1024w, https:\/\/i0.wp.com\/mavietnam.vn\/wp-content\/uploads\/2023\/09\/plf-law-intellectual-property.png?resize=768%2C510&amp;ssl=1 768w, https:\/\/i0.wp.com\/mavietnam.vn\/wp-content\/uploads\/2023\/09\/plf-law-intellectual-property.png?resize=600%2C398&amp;ssl=1 600w\" sizes=\"auto, (max-width: 1020px) 100vw, 1020px\" \/>\t\t\t\t<div class=\"overlay\" style=\"background-color:rgba(255, 255, 255, 0.26)\"><\/div>\t\t\t\t\t\t\t<\/div>\n\t\t\t<\/a>\t\t<\/div>\n\n\t\t<div class=\"box-text text-center\" >\n\t\t\t<div class=\"box-text-inner\">\n\t\t\t\t\n<div class=\"ser-img-text\">\n<h4><a href=\"https:\/\/plf.vn\/vi\/dich-vu\/so-huu-tri-tue\/\">S\u1ede H\u1eeeU TR\u00cd TU\u1ec6<\/a><\/h4>\n<div class=\"line-bottom-small\">\u00a0<\/div>\n<p>H\u1ed7 tr\u1ee3 \u0111\u0103ng k\u00fd Th\u01b0\u01a1ng hi\u1ec7u, B\u1ea3n quy\u1ec1n, Ki\u1ec3u d\u00e1ng C\u00f4ng nghi\u1ec7p v\u00e0 B\u1eb1ng s\u00e1ng ch\u1ebf \u0111\u1ec3 b\u1ea3o v\u1ec7 t\u00e0i s\u1ea3n tr\u00ed tu\u1ec7 c\u1ee7a b\u1ea1n.<\/p>\n<\/div>\n\t\t\t<\/div>\n\t\t<\/div>\n\t<\/div>\n\t\n\t\t<\/div>\n\t\t\t\t\t<\/div>\n\n\t\n\n\t<div id=\"col-1055143770\" class=\"col service-col1 medium-4 small-12 large-4\"  data-animate=\"fadeInUp\">\n\t\t\t\t<div class=\"col-inner\"  >\n\t\t\t\n\t\t\t\n\t<div class=\"box has-hover ser-imgbox img-radius-10  has-hover box-text-bottom\" >\n\n\t\t<div class=\"box-image\" >\n\t\t\t<a href=\"https:\/\/plf.vn\/vi\/dich-vu\/giai-quyet-tranh-chap\/\" target=\"_blank\" rel=\"noopener noreferrer\" >\t\t\t<div class=\"image-overlay-add image-cover\" style=\"padding-top:250px;\">\n\t\t\t\t<img data-recalc-dims=\"1\" loading=\"lazy\" decoding=\"async\" width=\"1020\" height=\"677\" src=\"https:\/\/i0.wp.com\/mavietnam.vn\/wp-content\/uploads\/2023\/09\/plf-law-dispute.png?resize=1020%2C677&#038;ssl=1\" class=\"attachment-original size-original\" alt=\"\" srcset=\"https:\/\/i0.wp.com\/mavietnam.vn\/wp-content\/uploads\/2023\/09\/plf-law-dispute.png?w=1500&amp;ssl=1 1500w, https:\/\/i0.wp.com\/mavietnam.vn\/wp-content\/uploads\/2023\/09\/plf-law-dispute.png?resize=300%2C199&amp;ssl=1 300w, https:\/\/i0.wp.com\/mavietnam.vn\/wp-content\/uploads\/2023\/09\/plf-law-dispute.png?resize=1024%2C680&amp;ssl=1 1024w, https:\/\/i0.wp.com\/mavietnam.vn\/wp-content\/uploads\/2023\/09\/plf-law-dispute.png?resize=768%2C510&amp;ssl=1 768w, https:\/\/i0.wp.com\/mavietnam.vn\/wp-content\/uploads\/2023\/09\/plf-law-dispute.png?resize=600%2C398&amp;ssl=1 600w\" sizes=\"auto, (max-width: 1020px) 100vw, 1020px\" \/>\t\t\t\t<div class=\"overlay\" style=\"background-color:rgba(255, 255, 255, 0.26)\"><\/div>\t\t\t\t\t\t\t<\/div>\n\t\t\t<\/a>\t\t<\/div>\n\n\t\t<div class=\"box-text text-center\" >\n\t\t\t<div class=\"box-text-inner\">\n\t\t\t\t\n<div class=\"ser-img-text\">\n<h4><a href=\"https:\/\/plf.vn\/vi\/dich-vu\/giai-quyet-tranh-chap\/\">GI\u1ea2I QUY\u1ebeT TRANH CH\u1ea4P<\/a><\/h4>\n<div class=\"line-bottom-small\">\u00a0<\/div>\n<p>T\u01b0 v\u1ea5n v\u1ec1 c\u00e1c gi\u1ea3i ph\u00e1p h\u00f2a gi\u1ea3i, \u0111\u00e0m ph\u00e1n, t\u1ed1 t\u1ee5ng t\u00f2a \u00e1n v\u00e0 tr\u1ecdng t\u00e0i.<\/p>\n<\/div>\n\t\t\t<\/div>\n\t\t<\/div>\n\t<\/div>\n\t\n\t\t<\/div>\n\t\t\t\t\n<style>\n#col-1055143770 > .col-inner {\n  margin: 0px 0px -30px 0px;\n}\n<\/style>\n\t<\/div>\n\n\t\n<\/div>\n<div class=\"row\"  id=\"row-2098389077\">\n\n\t<div id=\"col-226777277\" class=\"col small-12 large-12\"  >\n\t\t\t\t<div class=\"col-inner text-center\"  >\n\t\t\t\n\t\t\t\n<a data-animate=\"fadeInUp\" href=\"https:\/\/plf.vn\/\/srv\/htdocs\/wp-content\/uploads\/2023\/10\/plf-brochure-full-size-2023.pdf\" target=\"_self\" class=\"button primary lowercase reveal-icon btn-nut\"  >\n    <span>H\u1ed3 S\u01a1 N\u0103ng L\u1ef1c<\/span>\n  <i class=\"icon-angle-right\" aria-hidden=\"true\" ><\/i><\/a>\n\n\t\t<\/div>\n\t\t\t\t\n<style>\n#col-226777277 > .col-inner {\n  padding: 30px 0px 0px 0px;\n}\n<\/style>\n\t<\/div>\n\n\t\n<\/div>\n\t\t<\/div>\n\n\t\t\n<style>\n#section_726527516 {\n  padding-top: 30px;\n  padding-bottom: 30px;\n  background-color: rgb(246, 246, 246);\n}\n#section_726527516 .ux-shape-divider--top svg {\n  height: 150px;\n  --divider-top-width: 100%;\n}\n#section_726527516 .ux-shape-divider--bottom svg {\n  height: 150px;\n  --divider-width: 100%;\n}\n<\/style>\n\t<\/section>\n\t\n","protected":false},"excerpt":{"rendered":"","protected":false},"author":2,"featured_media":0,"parent":0,"menu_order":0,"comment_status":"closed","ping_status":"closed","template":"page-blank.php","meta":{"inline_featured_image":false,"footnotes":""},"class_list":["post-1691","page","type-page","status-publish","hentry"],"jetpack_sharing_enabled":true,"_links":{"self":[{"href":"https:\/\/mavietnam.vn\/vi\/wp-json\/wp\/v2\/pages\/1691","targetHints":{"allow":["GET"]}}],"collection":[{"href":"https:\/\/mavietnam.vn\/vi\/wp-json\/wp\/v2\/pages"}],"about":[{"href":"https:\/\/mavietnam.vn\/vi\/wp-json\/wp\/v2\/types\/page"}],"author":[{"embeddable":true,"href":"https:\/\/mavietnam.vn\/vi\/wp-json\/wp\/v2\/users\/2"}],"replies":[{"embeddable":true,"href":"https:\/\/mavietnam.vn\/vi\/wp-json\/wp\/v2\/comments?post=1691"}],"version-history":[{"count":18,"href":"https:\/\/mavietnam.vn\/vi\/wp-json\/wp\/v2\/pages\/1691\/revisions"}],"predecessor-version":[{"id":2817,"href":"https:\/\/mavietnam.vn\/vi\/wp-json\/wp\/v2\/pages\/1691\/revisions\/2817"}],"wp:attachment":[{"href":"https:\/\/mavietnam.vn\/vi\/wp-json\/wp\/v2\/media?parent=1691"}],"curies":[{"name":"wp","href":"https:\/\/api.w.org\/{rel}","templated":true}]}}