{"id":2328,"date":"2017-10-11T17:02:28","date_gmt":"2017-10-11T10:02:28","guid":{"rendered":"https:\/\/mavietnam.vn\/contact-us\/"},"modified":"2025-06-03T16:10:56","modified_gmt":"2025-06-03T09:10:56","slug":"lien-he","status":"publish","type":"page","link":"https:\/\/mavietnam.vn\/vi\/lien-he\/","title":{"rendered":"Li\u00ean H\u1ec7"},"content":{"rendered":"  <div id=\"page-header-474569102\" class=\"page-header-wrapper\">\n  <div class=\"page-title dark featured-title\">\n\n        <div class=\"page-title-bg\">\n      <div class=\"title-bg fill bg-fill\"\n        data-parallax-container=\".page-title\"\n        data-parallax-background\n        data-parallax=\"-\">\n      <\/div>\n      <div class=\"title-overlay fill\"><\/div>\n    <\/div>\n    \n    <div class=\"page-title-inner container align-center text-center flex-row-col medium-flex-wrap\" >\n              <div class=\"title-wrapper uppercase flex-col\">\n          <h1 class=\"entry-title mb-0\">\n            Li\u00ean H\u1ec7          <\/h1>\n        <\/div>\n                    <div class=\"title-content flex-col\">\n        <div class=\"title-breadcrumbs pb-half pt-half\"><nav class=\"woocommerce-breadcrumb breadcrumbs uppercase\">Home<\/nav><\/div>      <\/div>\n    <\/div>\n\n     \n<style>\n#page-header-474569102 .page-title-inner {\n  min-height: 200px;\n}\n#page-header-474569102 .title-bg {\n  background-image: url(https:\/\/mavietnam.vn\/wp-content\/uploads\/2023\/08\/paul-earle-xJ2tjuUHD9M-unsplash.jpg);\n}\n#page-header-474569102 .title-overlay {\n  background-color: rgba(0, 0, 0, 0.3);\n}\n<\/style>\n  <\/div>\n    <\/div>\n  \n\t<section class=\"section sec_lien_he\" id=\"section_874688469\">\n\t\t<div class=\"bg section-bg fill bg-fill  bg-loaded\" >\n\n\t\t\t\n\t\t\t\n\t\t\t\n\n\t\t<\/div>\n\n\t\t\n\n\t\t<div class=\"section-content relative\">\n\t\t\t\n\t<div id=\"gap-1849582903\" class=\"gap-element clearfix\" style=\"display:block; height:auto;\">\n\t\t\n<style>\n#gap-1849582903 {\n  padding-top: 60px;\n}\n<\/style>\n\t<\/div>\n\t\n<div class=\"row\"  id=\"row-1949128329\">\n\n\t<div id=\"col-725766183\" class=\"col oder1 medium-6 small-12 large-6\"  data-animate=\"bounceInRight\">\n\t\t\t\t<div class=\"col-inner\"  >\n\t\t\t\n\t\t\t\n<div class=\"row row-small align-middle\"  id=\"row-1625698154\">\n\n\t<div id=\"col-2036212942\" class=\"col small-12 large-12\"  >\n\t\t\t\t<div class=\"col-inner\"  >\n\t\t\t\n\t\t\t\n<div class=\"row row-small\"  id=\"row-196636227\">\n\n\t<div id=\"col-1509922957\" class=\"col hide-for-small small-12 large-12\"  >\n\t\t\t\t<div class=\"col-inner text-left\"  >\n\t\t\t\n\t\t\t\n\t<div class=\"img has-hover x md-x lg-x y md-y lg-y\" id=\"image_1567334271\">\n\t\t\t\t\t\t\t\t<div class=\"img-inner dark\" >\n\t\t\t<img data-recalc-dims=\"1\" loading=\"lazy\" decoding=\"async\" width=\"839\" height=\"232\" src=\"https:\/\/i0.wp.com\/mavietnam.vn\/wp-content\/uploads\/2023\/08\/logo.png?resize=839%2C232&#038;ssl=1\" class=\"attachment-original size-original\" alt=\"\" srcset=\"https:\/\/i0.wp.com\/mavietnam.vn\/wp-content\/uploads\/2023\/08\/logo.png?w=839&amp;ssl=1 839w, https:\/\/i0.wp.com\/mavietnam.vn\/wp-content\/uploads\/2023\/08\/logo.png?resize=300%2C83&amp;ssl=1 300w, https:\/\/i0.wp.com\/mavietnam.vn\/wp-content\/uploads\/2023\/08\/logo.png?resize=768%2C212&amp;ssl=1 768w, https:\/\/i0.wp.com\/mavietnam.vn\/wp-content\/uploads\/2023\/08\/logo.png?resize=600%2C166&amp;ssl=1 600w\" sizes=\"auto, (max-width: 839px) 100vw, 839px\" \/>\t\t\t\t\t\t\n\t\t\t\t\t<\/div>\n\t\t\t\t\t\t\t\t\n<style>\n#image_1567334271 {\n  width: 60%;\n}\n<\/style>\n\t<\/div>\n\t\n\t\t<\/div>\n\t\t\t\t\n<style>\n#col-1509922957 > .col-inner {\n  margin: 0px 0px -10px 0px;\n}\n<\/style>\n\t<\/div>\n\n\t\n\n\t<div id=\"col-1567877085\" class=\"col small-12 large-12\"  >\n\t\t\t\t<div class=\"col-inner\"  >\n\t\t\t\n\t\t\t\n\n\t\t<div class=\"icon-box featured-box icon-box-left text-left\"  >\n\t\t\t\t\t<div class=\"icon-box-img\" style=\"width: 22px\">\n\t\t\t\t<div class=\"icon\">\n\t\t\t\t\t<div class=\"icon-inner\" >\n\t\t\t\t\t\t<?xml version=\"1.0\" encoding=\"iso-8859-1\"?>\n<!-- Generator: Adobe Illustrator 19.0.0, SVG Export Plug-In . SVG Version: 6.00 Build 0)  -->\n<svg version=\"1.1\" id=\"Capa_1\" xmlns=\"http:\/\/www.w3.org\/2000\/svg\" xmlns:xlink=\"http:\/\/www.w3.org\/1999\/xlink\" x=\"0px\" y=\"0px\"\n\t viewBox=\"0 0 512 512\" style=\"enable-background:new 0 0 512 512;\" xml:space=\"preserve\">\n<g>\n\t<g>\n\t\t<path d=\"M256,0C156.748,0,76,80.748,76,180c0,33.534,9.289,66.26,26.869,94.652l142.885,230.257\n\t\t\tc2.737,4.411,7.559,7.091,12.745,7.091c0.04,0,0.079,0,0.119,0c5.231-0.041,10.063-2.804,12.75-7.292L410.611,272.22\n\t\t\tC427.221,244.428,436,212.539,436,180C436,80.748,355.252,0,256,0z M384.866,256.818L258.272,468.186l-129.905-209.34\n\t\t\tC113.734,235.214,105.8,207.95,105.8,180c0-82.71,67.49-150.2,150.2-150.2S406.1,97.29,406.1,180\n\t\t\tC406.1,207.121,398.689,233.688,384.866,256.818z\"\/>\n\t<\/g>\n<\/g>\n<g>\n\t<g>\n\t\t<path d=\"M256,90c-49.626,0-90,40.374-90,90c0,49.309,39.717,90,90,90c50.903,0,90-41.233,90-90C346,130.374,305.626,90,256,90z\n\t\t\t M256,240.2c-33.257,0-60.2-27.033-60.2-60.2c0-33.084,27.116-60.2,60.2-60.2s60.1,27.116,60.1,60.2\n\t\t\tC316.1,212.683,289.784,240.2,256,240.2z\"\/>\n\t<\/g>\n<\/g>\n<g>\n<\/g>\n<g>\n<\/g>\n<g>\n<\/g>\n<g>\n<\/g>\n<g>\n<\/g>\n<g>\n<\/g>\n<g>\n<\/g>\n<g>\n<\/g>\n<g>\n<\/g>\n<g>\n<\/g>\n<g>\n<\/g>\n<g>\n<\/g>\n<g>\n<\/g>\n<g>\n<\/g>\n<g>\n<\/g>\n<\/svg>\n\t\t\t\t\t<\/div>\n\t\t\t\t<\/div>\n\t\t\t<\/div>\n\t\t\t\t<div class=\"icon-box-text last-reset\">\n\t\t\t\t\t\t\t\t\t\n\t<div id=\"text-1374682480\" class=\"text\">\n\t\t\n<p><strong>\u0110\u1ecba ch\u1ec9:<\/strong> L\u1ea7u 2, 68 Nguy\u1ec5n Hu\u1ec7, P. B\u1ebfn Ngh\u00e9, Qu\u1eadn 1, TP. H\u1ed3 Ch\u00ed Minh<\/p>\n\t\t\n<style>\n#text-1374682480 {\n  color: rgb(78, 78, 78);\n}\n#text-1374682480 > * {\n  color: rgb(78, 78, 78);\n}\n<\/style>\n\t<\/div>\n\t\n\t\t<\/div>\n\t<\/div>\n\t\n\t\n\n\t\t<div class=\"icon-box featured-box icon-box-left text-left\"  >\n\t\t\t\t\t<div class=\"icon-box-img\" style=\"width: 22px\">\n\t\t\t\t<div class=\"icon\">\n\t\t\t\t\t<div class=\"icon-inner\" >\n\t\t\t\t\t\t<?xml version=\"1.0\" encoding=\"iso-8859-1\"?>\n<!-- Generator: Adobe Illustrator 19.0.0, SVG Export Plug-In . SVG Version: 6.00 Build 0)  -->\n<svg version=\"1.1\" id=\"Capa_1\" xmlns=\"http:\/\/www.w3.org\/2000\/svg\" xmlns:xlink=\"http:\/\/www.w3.org\/1999\/xlink\" x=\"0px\" y=\"0px\"\n\t viewBox=\"0 0 511.999 511.999\" style=\"enable-background:new 0 0 511.999 511.999;\" xml:space=\"preserve\">\n<g>\n\t<g>\n\t\t<path d=\"M498.827,377.633l-63.649-63.649c-17.548-17.547-46.102-17.547-63.649,0l-28.931,28.931\n\t\t\tc-13.294,13.294-34.926,13.29-48.215,0.005l-125.4-125.507c-13.325-13.325-13.327-34.892,0-48.219\n\t\t\tc4.66-4.66,18.041-18.041,28.931-28.931c17.471-17.47,17.715-45.935-0.017-63.665l-63.632-63.432\n\t\t\tC116.717-4.381,88.164-4.381,70.663,13.12C57.567,26.102,53.343,30.29,47.471,36.111c-63.28,63.279-63.28,166.242-0.003,229.519\n\t\t\tl198.692,198.796c63.428,63.429,166.088,63.434,229.521,0l23.146-23.145C516.375,423.733,516.375,395.181,498.827,377.633z\n\t\t\t M91.833,34.382c5.849-5.849,15.365-5.85,21.233,0.016l63.632,63.432c5.863,5.863,5.863,15.352,0,21.216l-10.609,10.608\n\t\t\tl-84.81-84.81L91.833,34.382z M267.38,443.213L68.687,244.415c-48.958-48.958-51.649-125.833-8.276-178.006l84.564,84.564\n\t\t\tc-22.22,25.189-21.294,63.572,2.787,87.653l125.396,125.501c0.001,0.001,0.003,0.003,0.004,0.004\n\t\t\tc24.055,24.056,62.436,25.042,87.656,2.792l84.566,84.566C393.377,494.787,316.675,492.508,267.38,443.213z M477.612,420.065\n\t\t\tl-10.609,10.609l-84.865-84.866l10.607-10.608c5.85-5.849,15.367-5.85,21.217,0l63.649,63.649\n\t\t\tC483.461,404.699,483.461,414.217,477.612,420.065z\"\/>\n\t<\/g>\n<\/g>\n<g>\n<\/g>\n<g>\n<\/g>\n<g>\n<\/g>\n<g>\n<\/g>\n<g>\n<\/g>\n<g>\n<\/g>\n<g>\n<\/g>\n<g>\n<\/g>\n<g>\n<\/g>\n<g>\n<\/g>\n<g>\n<\/g>\n<g>\n<\/g>\n<g>\n<\/g>\n<g>\n<\/g>\n<g>\n<\/g>\n<\/svg>\n\t\t\t\t\t<\/div>\n\t\t\t\t<\/div>\n\t\t\t<\/div>\n\t\t\t\t<div class=\"icon-box-text last-reset\">\n\t\t\t\t\t\t\t\t\t\n\t<div id=\"text-3799394192\" class=\"text\">\n\t\t\n<p><strong>\u0110i\u1ec7n tho\u1ea1i:<\/strong> <a href=\"tel:+842844554455 \">+84 28 4455 4455<\/a><\/p>\n\t\t\n<style>\n#text-3799394192 {\n  color: rgb(78, 78, 78);\n}\n#text-3799394192 > * {\n  color: rgb(78, 78, 78);\n}\n<\/style>\n\t<\/div>\n\t\n\t\t<\/div>\n\t<\/div>\n\t\n\t\n\n\t\t<div class=\"icon-box featured-box icon-box-left text-left\"  >\n\t\t\t\t\t<div class=\"icon-box-img\" style=\"width: 22px\">\n\t\t\t\t<div class=\"icon\">\n\t\t\t\t\t<div class=\"icon-inner\" >\n\t\t\t\t\t\t<?xml version=\"1.0\" encoding=\"iso-8859-1\"?>\n<!-- Generator: Adobe Illustrator 19.0.0, SVG Export Plug-In . SVG Version: 6.00 Build 0)  -->\n<svg version=\"1.1\" id=\"Capa_1\" xmlns=\"http:\/\/www.w3.org\/2000\/svg\" xmlns:xlink=\"http:\/\/www.w3.org\/1999\/xlink\" x=\"0px\" y=\"0px\"\n\t viewBox=\"0 0 511.999 511.999\" style=\"enable-background:new 0 0 511.999 511.999;\" xml:space=\"preserve\">\n<g>\n\t<g>\n\t\t<path d=\"M498.827,377.633l-63.649-63.649c-17.548-17.547-46.102-17.547-63.649,0l-28.931,28.931\n\t\t\tc-13.294,13.294-34.926,13.29-48.215,0.005l-125.4-125.507c-13.325-13.325-13.327-34.892,0-48.219\n\t\t\tc4.66-4.66,18.041-18.041,28.931-28.931c17.471-17.47,17.715-45.935-0.017-63.665l-63.632-63.432\n\t\t\tC116.717-4.381,88.164-4.381,70.663,13.12C57.567,26.102,53.343,30.29,47.471,36.111c-63.28,63.279-63.28,166.242-0.003,229.519\n\t\t\tl198.692,198.796c63.428,63.429,166.088,63.434,229.521,0l23.146-23.145C516.375,423.733,516.375,395.181,498.827,377.633z\n\t\t\t M91.833,34.382c5.849-5.849,15.365-5.85,21.233,0.016l63.632,63.432c5.863,5.863,5.863,15.352,0,21.216l-10.609,10.608\n\t\t\tl-84.81-84.81L91.833,34.382z M267.38,443.213L68.687,244.415c-48.958-48.958-51.649-125.833-8.276-178.006l84.564,84.564\n\t\t\tc-22.22,25.189-21.294,63.572,2.787,87.653l125.396,125.501c0.001,0.001,0.003,0.003,0.004,0.004\n\t\t\tc24.055,24.056,62.436,25.042,87.656,2.792l84.566,84.566C393.377,494.787,316.675,492.508,267.38,443.213z M477.612,420.065\n\t\t\tl-10.609,10.609l-84.865-84.866l10.607-10.608c5.85-5.849,15.367-5.85,21.217,0l63.649,63.649\n\t\t\tC483.461,404.699,483.461,414.217,477.612,420.065z\"\/>\n\t<\/g>\n<\/g>\n<g>\n<\/g>\n<g>\n<\/g>\n<g>\n<\/g>\n<g>\n<\/g>\n<g>\n<\/g>\n<g>\n<\/g>\n<g>\n<\/g>\n<g>\n<\/g>\n<g>\n<\/g>\n<g>\n<\/g>\n<g>\n<\/g>\n<g>\n<\/g>\n<g>\n<\/g>\n<g>\n<\/g>\n<g>\n<\/g>\n<\/svg>\n\t\t\t\t\t<\/div>\n\t\t\t\t<\/div>\n\t\t\t<\/div>\n\t\t\t\t<div class=\"icon-box-text last-reset\">\n\t\t\t\t\t\t\t\t\t\n\t<div id=\"text-3877606034\" class=\"text\">\n\t\t\n<p><strong>Hotline:<\/strong> <a href=\"tel:+84 913 902 904\"><span data-teams=\"true\">+84 913 902 904<\/span><\/a><\/p>\n\t\t\n<style>\n#text-3877606034 {\n  color: rgb(78, 78, 78);\n}\n#text-3877606034 > * {\n  color: rgb(78, 78, 78);\n}\n<\/style>\n\t<\/div>\n\t\n\t\t<\/div>\n\t<\/div>\n\t\n\t\n\n\t\t<div class=\"icon-box featured-box icon-box-left text-left\"  >\n\t\t\t\t\t<div class=\"icon-box-img\" style=\"width: 22px\">\n\t\t\t\t<div class=\"icon\">\n\t\t\t\t\t<div class=\"icon-inner\" >\n\t\t\t\t\t\t<?xml version=\"1.0\" encoding=\"iso-8859-1\"?>\n<!-- Generator: Adobe Illustrator 19.0.0, SVG Export Plug-In . SVG Version: 6.00 Build 0)  -->\n<svg version=\"1.1\" id=\"Capa_1\" xmlns=\"http:\/\/www.w3.org\/2000\/svg\" xmlns:xlink=\"http:\/\/www.w3.org\/1999\/xlink\" x=\"0px\" y=\"0px\"\n\t viewBox=\"0 0 512 512\" style=\"enable-background:new 0 0 512 512;\" xml:space=\"preserve\">\n<g>\n\t<g>\n\t\t<path d=\"M467,61H45C20.218,61,0,81.196,0,106v300c0,24.72,20.128,45,45,45h422c24.72,0,45-20.128,45-45V106\n\t\t\tC512,81.28,491.872,61,467,61z M460.786,91L256.954,294.833L51.359,91H460.786z M30,399.788V112.069l144.479,143.24L30,399.788z\n\t\t\t M51.213,421l144.57-144.57l50.657,50.222c5.864,5.814,15.327,5.795,21.167-0.046L317,277.213L460.787,421H51.213z M482,399.787\n\t\t\tL338.213,256L482,112.212V399.787z\"\/>\n\t<\/g>\n<\/g>\n<g>\n<\/g>\n<g>\n<\/g>\n<g>\n<\/g>\n<g>\n<\/g>\n<g>\n<\/g>\n<g>\n<\/g>\n<g>\n<\/g>\n<g>\n<\/g>\n<g>\n<\/g>\n<g>\n<\/g>\n<g>\n<\/g>\n<g>\n<\/g>\n<g>\n<\/g>\n<g>\n<\/g>\n<g>\n<\/g>\n<\/svg>\n\t\t\t\t\t<\/div>\n\t\t\t\t<\/div>\n\t\t\t<\/div>\n\t\t\t\t<div class=\"icon-box-text last-reset\">\n\t\t\t\t\t\t\t\t\t\n\t<div id=\"text-1692909351\" class=\"text\">\n\t\t\n<p><span style=\"font-weight: 400;\"><strong>Email:<\/strong> <a href=\"mailto:inquiry@mavietnam.vn\">inquiry@mavietnam.vn<\/a><\/span><\/p>\n\t\t\n<style>\n#text-1692909351 {\n  color: rgb(78, 78, 78);\n}\n#text-1692909351 > * {\n  color: rgb(78, 78, 78);\n}\n<\/style>\n\t<\/div>\n\t\n\t\t<\/div>\n\t<\/div>\n\t\n\t\n\t\t<\/div>\n\t\t\t\t\t<\/div>\n\n\t\n<\/div>\n\t\t<\/div>\n\t\t\t\t\t<\/div>\n\n\t\n<\/div>\n\t\t<\/div>\n\t\t\t\t\t<\/div>\n\n\t\n\n\t<div id=\"col-1783871592\" class=\"col oder2 medium-6 small-12 large-6\"  >\n\t\t\t\t<div class=\"col-inner\"  >\n\t\t\t\n\t\t\t\n<h2 class=\"mona-title\"><span style=\"font-size: 90%;\">CH\u00daNG T\u00d4I LU\u00d4N S\u1eb4N S\u00c0NG H\u1ed6 TR\u1ee2 B\u1ea0N<\/span><\/h2>\n\n<div class=\"wpcf7 no-js\" id=\"wpcf7-f2278-o1\" lang=\"vi\" dir=\"ltr\" data-wpcf7-id=\"2278\">\n<div class=\"screen-reader-response\"><p role=\"status\" aria-live=\"polite\" aria-atomic=\"true\"><\/p> <ul><\/ul><\/div>\n<form action=\"\/vi\/wp-json\/wp\/v2\/pages\/2328#wpcf7-f2278-o1\" method=\"post\" class=\"wpcf7-form init\" aria-label=\"Contact form\" novalidate=\"novalidate\" data-status=\"init\">\n<fieldset class=\"hidden-fields-container\"><input type=\"hidden\" name=\"_wpcf7\" value=\"2278\" \/><input type=\"hidden\" name=\"_wpcf7_version\" value=\"6.1.5\" \/><input type=\"hidden\" name=\"_wpcf7_locale\" value=\"vi\" \/><input type=\"hidden\" name=\"_wpcf7_unit_tag\" value=\"wpcf7-f2278-o1\" \/><input type=\"hidden\" name=\"_wpcf7_container_post\" value=\"0\" \/><input type=\"hidden\" name=\"_wpcf7_posted_data_hash\" value=\"\" \/>\n<\/fieldset>\n<div class=\"form-ct clear\">\n\t<div class=\"form-row w50\">\n\t\t<p><span class=\"wpcf7-form-control-wrap\" data-name=\"text-name\"><input size=\"40\" maxlength=\"400\" class=\"wpcf7-form-control wpcf7-text wpcf7-validates-as-required form_lien_he\" id=\"text-name\" aria-required=\"true\" aria-invalid=\"false\" placeholder=\"H\u1ecd T\u00ean*\" value=\"\" type=\"text\" name=\"text-name\" \/><\/span><br \/>\n<span id=\"wpcf7-69fb0d2db4c31-wrapper\" class=\"wpcf7-form-control-wrap Full-name-wrap\" style=\"display:none !important; visibility:hidden !important;\"><label for=\"wpcf7-69fb0d2db4c31-field\" class=\"hp-message\">Please leave this field empty.<\/label><input id=\"wpcf7-69fb0d2db4c31-field\"  class=\"wpcf7-form-control wpcf7-text\" type=\"text\" name=\"Full-name\" value=\"\" size=\"40\" tabindex=\"-1\" autocomplete=\"new-password\" \/><\/span>\n\t\t<\/p>\n\t<\/div>\n\t<div class=\"form-row w50\">\n\t\t<p><span class=\"wpcf7-form-control-wrap\" data-name=\"email-contact\"><input size=\"40\" maxlength=\"400\" class=\"wpcf7-form-control wpcf7-email wpcf7-validates-as-required wpcf7-text wpcf7-validates-as-email form_lien_he\" id=\"email-contact\" aria-required=\"true\" aria-invalid=\"false\" placeholder=\"Email*\" value=\"\" type=\"email\" name=\"email-contact\" \/><\/span>\n\t\t<\/p>\n\t<\/div>\n\t<div class=\"form-row w50\">\n\t\t<p><span class=\"wpcf7-form-control-wrap\" data-name=\"tel-contact\"><input size=\"40\" maxlength=\"400\" class=\"wpcf7-form-control wpcf7-tel wpcf7-text wpcf7-validates-as-tel form_lien_he\" id=\"tel-contact\" aria-invalid=\"false\" placeholder=\"\u0110i\u1ec7n Tho\u1ea1i\" value=\"\" type=\"tel\" name=\"tel-contact\" \/><\/span>\n\t\t<\/p>\n\t<\/div>\n\t<div class=\"form-row w50\">\n\t\t<p><span class=\"wpcf7-form-control-wrap\" data-name=\"text-address\"><input size=\"40\" maxlength=\"400\" class=\"wpcf7-form-control wpcf7-text form_lien_he\" id=\"text-address\" aria-invalid=\"false\" placeholder=\"\u0110\u1ecba Ch\u1ec9\" value=\"\" type=\"text\" name=\"text-address\" \/><\/span>\n\t\t<\/p>\n\t<\/div>\n\t<div class=\"form-row\">\n\t\t<p><span class=\"wpcf7-form-control-wrap\" data-name=\"textarea-noidung\"><textarea cols=\"40\" rows=\"10\" maxlength=\"2000\" class=\"wpcf7-form-control wpcf7-textarea wpcf7-validates-as-required form_lien_he\" id=\"textarea-noidung\" aria-required=\"true\" aria-invalid=\"false\" placeholder=\"N\u1ed9i dung*\" name=\"textarea-noidung\"><\/textarea><\/span>\n\t\t<\/p>\n\t<\/div>\n\t<p><label>T\u1ea5t c\u1ea3 th\u00f4ng tin cung c\u1ea5p s\u1ebd \u0111\u01b0\u1ee3c b\u1ea3o m\u1eadt tuy\u1ec7t \u0111\u1ed1i.<\/label>\n\t<\/p>\n\t<div class=\"form-row center-txt\">\n\t\t<p><input class=\"wpcf7-form-control wpcf7-submit has-spinner form_lien_he\" id=\"bt-gui\" type=\"submit\" value=\"G\u1eedi\" \/>\n\t\t<\/p>\n\t<\/div>\n<\/div><p style=\"display: none !important;\" class=\"akismet-fields-container\" data-prefix=\"_wpcf7_ak_\"><label>&#916;<textarea name=\"_wpcf7_ak_hp_textarea\" cols=\"45\" rows=\"8\" maxlength=\"100\"><\/textarea><\/label><input type=\"hidden\" id=\"ak_js_1\" name=\"_wpcf7_ak_js\" value=\"201\"\/><script type=\"text\/javascript\">\n\/* <![CDATA[ *\/\ndocument.getElementById( \"ak_js_1\" ).setAttribute( \"value\", ( new Date() ).getTime() );\n\/* ]]> *\/\n<\/script>\n<\/p><div class=\"wpcf7-response-output\" aria-hidden=\"true\"><\/div>\n<\/form>\n<\/div>\n\n\t\t<\/div>\n\t\t\t\t\t<\/div>\n\n\t\n<\/div>\n\t<div id=\"gap-459412943\" class=\"gap-element clearfix\" style=\"display:block; height:auto;\">\n\t\t\n<style>\n#gap-459412943 {\n  padding-top: 30px;\n}\n<\/style>\n\t<\/div>\n\t\n<p style=\"margin-bottom: 0;\"><iframe loading=\"lazy\" style=\"border: 0;\" src=\"https:\/\/www.google.com\/maps\/embed?pb=!1m18!1m12!1m3!1d3919.5889251387866!2d106.6915279110542!3d10.766130589337699!2m3!1f0!2f0!3f0!3m2!1i1024!2i768!4f13.1!3m3!1m2!1s0x31752fcf4ac4db99%3A0x59cc85ca612aef2e!2sSMART%20VIEW%20OFFICE%20BUILDING!5e0!3m2!1svi!2s!4v1691654266253!5m2!1svi!2s\" width=\"100%\" height=\"480\" allowfullscreen=\"allowfullscreen\"><\/iframe><\/p>\n\t\t<\/div>\n\n\t\t\n<style>\n#section_874688469 {\n  padding-top: 0px;\n  padding-bottom: 0px;\n}\n#section_874688469 .ux-shape-divider--top svg {\n  height: 150px;\n  --divider-top-width: 100%;\n}\n#section_874688469 .ux-shape-divider--bottom svg {\n  height: 150px;\n  --divider-width: 100%;\n}\n<\/style>\n\t<\/section>\n\t\n","protected":false},"excerpt":{"rendered":"","protected":false},"author":2,"featured_media":0,"parent":0,"menu_order":0,"comment_status":"closed","ping_status":"closed","template":"page-blank.php","meta":{"inline_featured_image":false,"footnotes":""},"class_list":["post-2328","page","type-page","status-publish","hentry"],"jetpack_sharing_enabled":true,"_links":{"self":[{"href":"https:\/\/mavietnam.vn\/vi\/wp-json\/wp\/v2\/pages\/2328","targetHints":{"allow":["GET"]}}],"collection":[{"href":"https:\/\/mavietnam.vn\/vi\/wp-json\/wp\/v2\/pages"}],"about":[{"href":"https:\/\/mavietnam.vn\/vi\/wp-json\/wp\/v2\/types\/page"}],"author":[{"embeddable":true,"href":"https:\/\/mavietnam.vn\/vi\/wp-json\/wp\/v2\/users\/2"}],"replies":[{"embeddable":true,"href":"https:\/\/mavietnam.vn\/vi\/wp-json\/wp\/v2\/comments?post=2328"}],"version-history":[{"count":4,"href":"https:\/\/mavietnam.vn\/vi\/wp-json\/wp\/v2\/pages\/2328\/revisions"}],"predecessor-version":[{"id":3007,"href":"https:\/\/mavietnam.vn\/vi\/wp-json\/wp\/v2\/pages\/2328\/revisions\/3007"}],"wp:attachment":[{"href":"https:\/\/mavietnam.vn\/vi\/wp-json\/wp\/v2\/media?parent=2328"}],"curies":[{"name":"wp","href":"https:\/\/api.w.org\/{rel}","templated":true}]}}