{"id":3050,"date":"2025-09-22T16:57:18","date_gmt":"2025-09-22T09:57:18","guid":{"rendered":"https:\/\/mavietnam.vn\/?page_id=3050"},"modified":"2025-09-24T09:10:48","modified_gmt":"2025-09-24T02:10:48","slug":"dich-vu-tu-van-cong-nghe-thong-tin","status":"publish","type":"page","link":"https:\/\/mavietnam.vn\/vi\/dich-vu\/dich-vu-tu-van-cong-nghe-thong-tin\/","title":{"rendered":"T\u01b0 V\u1ea5n C\u00f4ng Ngh\u1ec7 Th\u00f4ng Tin"},"content":{"rendered":"  <div id=\"page-header-2077737956\" class=\"page-header-wrapper\">\n  <div class=\"page-title dark featured-title\">\n\n        <div class=\"page-title-bg\">\n      <div class=\"title-bg fill bg-fill\"\n        data-parallax-container=\".page-title\"\n        data-parallax-background\n        data-parallax=\"-\">\n      <\/div>\n      <div class=\"title-overlay fill\"><\/div>\n    <\/div>\n    \n    <div class=\"page-title-inner container align-center text-center flex-row-col medium-flex-wrap\" >\n              <div class=\"title-wrapper uppercase flex-col\">\n          <h1 class=\"entry-title mb-0\">\n            T\u01b0 V\u1ea5n C\u00f4ng Ngh\u1ec7 Th\u00f4ng Tin          <\/h1>\n        <\/div>\n                    <div class=\"title-content flex-col\">\n        <div class=\"title-breadcrumbs pb-half pt-half\"><nav class=\"woocommerce-breadcrumb breadcrumbs uppercase\">Home<\/nav><\/div>      <\/div>\n    <\/div>\n\n     \n<style>\n#page-header-2077737956 .page-title-inner {\n  min-height: 100px;\n}\n#page-header-2077737956 .title-bg {\n  background-image: url(https:\/\/mavietnam.vn\/wp-content\/uploads\/2023\/08\/paul-earle-xJ2tjuUHD9M-unsplash.jpg);\n  background-position: 0% 51%;\n}\n@media (min-width:550px) {\n  #page-header-2077737956 .page-title-inner {\n    min-height: 200px;\n  }\n}\n<\/style>\n  <\/div>\n    <\/div>\n  \n\t<section class=\"section sec_page_service\" id=\"section_1054198489\">\n\t\t<div class=\"bg section-bg fill bg-fill  bg-loaded\" >\n\n\t\t\t\n\t\t\t\n\t\t\t\n\n\t\t<\/div>\n\n\t\t\n\n\t\t<div class=\"section-content relative\">\n\t\t\t\n\t<div id=\"gap-1008055525\" class=\"gap-element clearfix\" style=\"display:block; height:auto;\">\n\t\t\n<style>\n#gap-1008055525 {\n  padding-top: 60px;\n}\n<\/style>\n\t<\/div>\n\t\n<div class=\"row\"  id=\"row-1496073199\">\n\n\t<div id=\"col-194764195\" class=\"col medium-3 small-12 large-3\"  >\n\t\t\t\t<div class=\"col-inner\"  >\n\t\t\t\n\t\t\t\n\t<div class=\"ux-menu stack stack-col justify-start\">\n\t\t\n\t<div class=\"ux-menu-link flex menu-item\">\n\t\t<a class=\"ux-menu-link__link flex\" href=\"https:\/\/mavietnam.vn\/vi\/dich-vu\/mua-ban-sap-nhap\/\"  >\n\t\t\t\t\t\t<span class=\"ux-menu-link__text\">\n\t\t\t\tMua B\u00e1n &amp; S\u00e1p Nh\u1eadp\t\t\t<\/span>\n\t\t<\/a>\n\t<\/div>\n\t\n\t<div class=\"ux-menu-link flex menu-item\">\n\t\t<a class=\"ux-menu-link__link flex\" href=\"https:\/\/mavietnam.vn\/vi\/dich-vu\/ke-toan-thue\/\"  >\n\t\t\t\t\t\t<span class=\"ux-menu-link__text\">\n\t\t\t\tK\u1ebf To\u00e1n \u2013 Thu\u1ebf\t\t\t<\/span>\n\t\t<\/a>\n\t<\/div>\n\t\n\t<div class=\"ux-menu-link flex menu-item\">\n\t\t<a class=\"ux-menu-link__link flex\" href=\"https:\/\/mavietnam.vn\/vi\/dich-vu\/thanh-lap-cong-ty\/\"  >\n\t\t\t\t\t\t<span class=\"ux-menu-link__text\">\n\t\t\t\tTh\u00e0nh L\u1eadp C\u00f4ng Ty\t\t\t<\/span>\n\t\t<\/a>\n\t<\/div>\n\t\n\t<div class=\"ux-menu-link flex menu-item\">\n\t\t<a class=\"ux-menu-link__link flex\" href=\"https:\/\/mavietnam.vn\/vi\/dich-vu\/nhan-su-tinh-luong\/\"  >\n\t\t\t\t\t\t<span class=\"ux-menu-link__text\">\n\t\t\t\tNh\u00e2n S\u1ef1 \u2013 T\u00ednh L\u01b0\u01a1ng\t\t\t<\/span>\n\t\t<\/a>\n\t<\/div>\n\t\n\t<div class=\"ux-menu-link flex menu-item\">\n\t\t<a class=\"ux-menu-link__link flex\" href=\"https:\/\/mavietnam.vn\/vi\/dich-vu\/thu-ky-doanh-nghiep\/\"  >\n\t\t\t\t\t\t<span class=\"ux-menu-link__text\">\n\t\t\t\tTh\u01b0 K\u00fd Doanh Nghi\u1ec7p\t\t\t<\/span>\n\t\t<\/a>\n\t<\/div>\n\t\n\t<div class=\"ux-menu-link flex menu-item active\">\n\t\t<a class=\"ux-menu-link__link flex\" href=\"#\"  >\n\t\t\t\t\t\t<span class=\"ux-menu-link__text\">\n\t\t\t\tT\u01b0 V\u1ea5n C\u00f4ng Ngh\u1ec7 Th\u00f4ng Tin\t\t\t<\/span>\n\t\t<\/a>\n\t<\/div>\n\t\n\t<\/div>\n\t\n\t\t<\/div>\n\t\t\t\t\t<\/div>\n\n\t\n\n\t<div id=\"col-1370337491\" class=\"col medium-9 small-12 large-9\"  >\n\t\t\t\t<div class=\"col-inner\"  >\n\t\t\t\n\t\t\t\n<h2 class=\"title\"><strong><span class=\"TextRun SCXW239896448 BCX8\" lang=\"EN-CA\" xml:lang=\"EN-CA\" data-contrast=\"none\"><span class=\"NormalTextRun SCXW239896448 BCX8\" data-ccp-parastyle=\"heading 1\">T\u01b0 V\u1ea5n C\u00f4ng Ngh\u1ec7 Th\u00f4ng Tin<\/span><\/span><\/strong><\/h2>\n<p><span data-contrast=\"auto\">M&amp;A Vi\u1ec7t Nam cung c\u1ea5p \u0111a d\u1ea1ng d\u1ecbch v\u1ee5 t\u01b0 v\u1ea5n c\u00f4ng ngh\u1ec7 th\u00f4ng tin, t\u1eeb ho\u1ea1ch \u0111\u1ecbnh chi\u1ebfn l\u01b0\u1ee3c v\u00e0 l\u1eadp ng\u00e2n s\u00e1ch IT cho \u0111\u1ebfn t\u1ef1 \u0111\u1ed9ng h\u00f3a v\u00e0 r\u00e0 so\u00e1t tu\u00e2n th\u1ee7. V\u1edbi s\u1ef1 hi\u1ec7n di\u1ec7n t\u1ea1i n\u1ed9i \u0111\u1ecba\u00a0c\u00f9ng ngu\u1ed3n l\u1ef1c chuy\u00ean s\u00e2u, ch\u00fang t\u00f4i h\u1ed7 tr\u1ee3 doanh nghi\u1ec7p \u0111\u00e1p \u1ee9ng nhu c\u1ea7u kinh doanh v\u00e0 tri\u1ec3n khai nh\u1eefng c\u00f4ng ngh\u1ec7 ti\u00ean ti\u1ebfn nh\u1ea5t.<\/span><span data-ccp-props=\"{&quot;134233117&quot;:false,&quot;134233118&quot;:false,&quot;335551550&quot;:0,&quot;335551620&quot;:0,&quot;335559738&quot;:240,&quot;335559739&quot;:240}\">\u00a0<\/span><\/p>\n<ol>\n<li><b><span data-contrast=\"auto\"> Chi\u1ebfn l\u01b0\u1ee3c &amp; Ho\u1ea1ch \u0111\u1ecbnh IT<\/span><\/b><\/li>\n<\/ol>\n<p><span data-contrast=\"auto\">Ho\u1ea1ch \u0111\u1ecbnh chi\u1ebfn l\u01b0\u1ee3c IT l\u00e0 m\u1ed9t trong nh\u1eefng d\u1ecbch v\u1ee5 \u0111\u01b0\u1ee3c kh\u00e1ch h\u00e0ng y\u00eau c\u1ea7u nhi\u1ec1u nh\u1ea5t v\u00e0 c\u0169ng l\u00e0 th\u1ebf m\u1ea1nh c\u1ed1t l\u00f5i c\u1ee7a ch\u00fang t\u00f4i. D\u1ecbch v\u1ee5 n\u00e0y gi\u00fap doanh nghi\u1ec7p \u0111\u1ea7u t\u01b0 \u0111\u00fang v\u00e0o c\u00e1c c\u00f4ng ngh\u1ec7 ph\u00f9 h\u1ee3p, s\u1eb5n s\u00e0ng cho nh\u1eefng th\u00e1ch th\u1ee9c c\u1ee7a t\u01b0\u01a1ng lai. \u0110\u1ed9i ng\u0169 t\u01b0 v\u1ea5n c\u1ee7a ch\u00fang t\u00f4i s\u1ebd \u0111\u1ed3ng h\u00e0nh c\u00f9ng b\u1ea1n \u0111\u1ec3 x\u00e2y d\u1ef1ng m\u1ed9t k\u1ebf ho\u1ea1ch chi\u1ebfn l\u01b0\u1ee3c chi ti\u1ebft, g\u1eafn k\u1ebft m\u1ee5c ti\u00eau kinh doanh v\u1edbi c\u00e1c k\u1ebf ho\u1ea1ch h\u00e0nh \u0111\u1ed9ng ng\u1eafn h\u1ea1n v\u00e0 d\u00e0i h\u1ea1n nh\u1eb1m hi\u1ec7n th\u1ef1c h\u00f3a nh\u1eefng m\u1ee5c ti\u00eau \u0111\u00f3.<\/span><span data-ccp-props=\"{&quot;134233117&quot;:false,&quot;134233118&quot;:false,&quot;335551550&quot;:0,&quot;335551620&quot;:0,&quot;335559738&quot;:240,&quot;335559739&quot;:240}\">\u00a0<\/span><\/p>\n<ol start=\"2\">\n<li><b><span data-contrast=\"auto\"> \u0110\u00e1nh gi\u00e1 H\u1ec7 th\u1ed1ng IT<\/span><\/b><\/li>\n<\/ol>\n<p><span data-contrast=\"auto\">Ph\u1ea7n l\u1edbn h\u1ec7 th\u1ed1ng m\u1ea1ng c\u1ee7a doanh nghi\u1ec7p th\u01b0\u1eddng \u0111\u01b0\u1ee3c x\u00e2y d\u1ef1ng d\u1ea7n theo th\u1eddi gian, v\u1edbi nhi\u1ec1u l\u1edbp ph\u1ea7n c\u1ee9ng v\u00e0 ph\u1ea7n m\u1ec1m ch\u1ed3ng ch\u00e9o, c\u00f3 th\u1ec3 v\u00f4 t\u00ecnh t\u1ea1o ra l\u1ed7 h\u1ed5ng b\u1ea3o m\u1eadt ho\u1eb7c gi\u1ea3m hi\u1ec7u qu\u1ea3 v\u1eadn h\u00e0nh. \u0110\u1ed9i ng\u0169 t\u01b0 v\u1ea5n c\u1ee7a ch\u00fang t\u00f4i s\u1ebd ti\u1ebfn h\u00e0nh \u0111\u00e1nh gi\u00e1 to\u00e0n di\u1ec7n m\u00f4i tr\u01b0\u1eddng IT hi\u1ec7n t\u1ea1i, ph\u00e2n t\u00edch c\u00e1ch c\u00f4ng ngh\u1ec7 \u0111ang h\u1ed7 tr\u1ee3 ho\u1eb7c c\u1ea3n tr\u1edf ho\u1ea1t \u0111\u1ed9ng kinh doanh. T\u1eeb \u0111\u00f3, ch\u00fang t\u00f4i \u0111\u01b0a ra nh\u1eefng gi\u1ea3i ph\u00e1p h\u1ee3p l\u00fd, ph\u00f9 h\u1ee3p v\u1edbi nhu c\u1ea7u c\u1ee7a doanh nghi\u1ec7p.<\/span><span data-ccp-props=\"{&quot;134233117&quot;:false,&quot;134233118&quot;:false,&quot;335551550&quot;:0,&quot;335551620&quot;:0,&quot;335559738&quot;:240,&quot;335559739&quot;:240}\">\u00a0<\/span><\/p>\n<ol start=\"3\">\n<li><b><span data-contrast=\"auto\"> T\u01b0 v\u1ea5n Danh m\u1ee5c Ph\u1ea7n m\u1ec1m<\/span><\/b><\/li>\n<\/ol>\n<p><span data-contrast=\"auto\">Ch\u00fang t\u00f4i s\u1ebd ph\u00e2n t\u00edch s\u00e2u c\u00e1ch doanh nghi\u1ec7p v\u00e0 nh\u00e2n s\u1ef1 \u0111ang s\u1eed d\u1ee5ng c\u00e1c ph\u1ea7n m\u1ec1m qu\u1ea3n tr\u1ecb hi\u1ec7n c\u00f3. Sau \u0111\u00f3, \u0111\u1ed9i ng\u0169 t\u01b0 v\u1ea5n s\u1ebd \u0111\u1ec1 xu\u1ea5t nh\u1eefng thay \u0111\u1ed5i c\u1ea7n thi\u1ebft, ph\u00e1t tri\u1ec3n m\u1edbi, c\u0169ng nh\u01b0 t\u00edch h\u1ee3p c\u00e1c gi\u1ea3i ph\u00e1p t\u1eeb b\u00ean th\u1ee9 ba \u0111\u1ec3 gi\u00fap doanh nghi\u1ec7p \u0111\u1ea1t \u0111\u01b0\u1ee3c m\u1ee5c ti\u00eau \u0111\u1ec1 ra.<\/span><span data-ccp-props=\"{&quot;134233117&quot;:false,&quot;134233118&quot;:false,&quot;335551550&quot;:0,&quot;335551620&quot;:0,&quot;335559738&quot;:240,&quot;335559739&quot;:240}\">\u00a0<\/span><\/p>\n\t<div class=\"img has-hover x md-x lg-x y md-y lg-y\" id=\"image_1416055910\">\n\t\t\t\t\t\t\t\t<div class=\"img-inner dark\" >\n\t\t\t<img loading=\"lazy\" decoding=\"async\" width=\"814\" height=\"540\" src=\"https:\/\/i0.wp.com\/mavietnam.vn\/wp-content\/uploads\/2025\/09\/IT-Consulting-Service-MA-Vietnam-1.png?fit=814%2C540&amp;ssl=1\" class=\"attachment-large size-large\" alt=\"T\u01af V\u1ea4N C\u00d4NG NGH\u1ec6 TH\u00d4NG TIN\" srcset=\"https:\/\/i0.wp.com\/mavietnam.vn\/wp-content\/uploads\/2025\/09\/IT-Consulting-Service-MA-Vietnam-1.png?w=814&amp;ssl=1 814w, https:\/\/i0.wp.com\/mavietnam.vn\/wp-content\/uploads\/2025\/09\/IT-Consulting-Service-MA-Vietnam-1.png?resize=300%2C199&amp;ssl=1 300w, https:\/\/i0.wp.com\/mavietnam.vn\/wp-content\/uploads\/2025\/09\/IT-Consulting-Service-MA-Vietnam-1.png?resize=768%2C509&amp;ssl=1 768w, https:\/\/i0.wp.com\/mavietnam.vn\/wp-content\/uploads\/2025\/09\/IT-Consulting-Service-MA-Vietnam-1.png?resize=600%2C398&amp;ssl=1 600w\" sizes=\"auto, (max-width: 814px) 100vw, 814px\" \/>\t\t\t\t\t\t\n\t\t\t\t\t<\/div>\n\t\t\t\t\t\t\t\t\n<style>\n#image_1416055910 {\n  width: 100%;\n}\n<\/style>\n\t<\/div>\n\t\n<ol start=\"4\">\n<li><b><span data-contrast=\"auto\"> Gi\u00e1m \u0111\u1ed1c C\u00f4ng ngh\u1ec7 Th\u00f4ng tin \u1ea2o (Virtual CIO)<\/span><\/b><\/li>\n<\/ol>\n<p><span data-contrast=\"auto\">N\u1ebfu doanh nghi\u1ec7p c\u1ee7a b\u1ea1n c\u1ea7n \u0111\u1ecbnh h\u01b0\u1edbng chi\u1ebfn l\u01b0\u1ee3c nh\u01b0ng ch\u01b0a c\u00f3 ng\u00e2n s\u00e1ch \u0111\u1ec3 thu\u00ea m\u1ed9t CIO to\u00e0n th\u1eddi gian, gi\u1ea3i ph\u00e1p Virtual CIO s\u1ebd l\u00e0 l\u1ef1a ch\u1ecdn t\u1ed1i \u01b0u. D\u1ecbch v\u1ee5 n\u00e0y gi\u00fap b\u1ea1n x\u00e1c \u0111\u1ecbnh \u01b0u ti\u00ean chi\u1ebfn l\u01b0\u1ee3c v\u00e0 qu\u1ea3n l\u00fd ho\u1ea1t \u0111\u1ed9ng c\u00f4ng ngh\u1ec7 h\u1eb1ng ng\u00e0y. C\u00e1c chuy\u00ean gia Virtual CIO c\u1ee7a ch\u00fang t\u00f4i \u0111\u00e3 \u0111\u1ed3ng h\u00e0nh v\u00e0 h\u1ed7 tr\u1ee3 nhi\u1ec1u doanh nghi\u1ec7p v\u01b0\u1ee3t qua nh\u1eefng th\u00e1ch th\u1ee9c t\u01b0\u01a1ng t\u1ef1 nh\u01b0 b\u1ea1n \u0111ang g\u1eb7p ph\u1ea3i.<\/span><span data-ccp-props=\"{&quot;134233117&quot;:false,&quot;134233118&quot;:false,&quot;335551550&quot;:0,&quot;335551620&quot;:0,&quot;335559738&quot;:240,&quot;335559739&quot;:240}\">\u00a0<\/span><\/p>\n<ol start=\"5\">\n<li><b><span data-contrast=\"auto\"> D\u1ecbch v\u1ee5 H\u1ed7 tr\u1ee3 Gi\u00e1o d\u1ee5c<\/span><\/b><\/li>\n<\/ol>\n<ul>\n<li aria-setsize=\"-1\" data-leveltext=\"\uf0b7\" data-font=\"Symbol\" data-listid=\"1\" data-list-defn-props=\"{&quot;335552541&quot;:1,&quot;335559683&quot;:0,&quot;335559684&quot;:-2,&quot;335559685&quot;:720,&quot;335559991&quot;:360,&quot;469769226&quot;:&quot;Symbol&quot;,&quot;469769242&quot;:&#091;8226&#093;,&quot;469777803&quot;:&quot;left&quot;,&quot;469777804&quot;:&quot;\uf0b7&quot;,&quot;469777815&quot;:&quot;hybridMultilevel&quot;}\" data-aria-posinset=\"1\" data-aria-level=\"1\"><b><span data-contrast=\"auto\">Ph\u1ea7n m\u1ec1m qu\u1ea3n l\u00fd gi\u00e1o d\u1ee5c<\/span><\/b><span data-contrast=\"auto\">: H\u1ec7 th\u1ed1ng h\u1ed7 tr\u1ee3 c\u00e1c tr\u01b0\u1eddng h\u1ecdc trong vi\u1ec7c qu\u1ea3n l\u00fd th\u00f4ng tin h\u1ecdc sinh, l\u1ecbch h\u1ecdc v\u00e0 k\u1ebft qu\u1ea3 h\u1ecdc t\u1eadp.<\/span><span data-ccp-props=\"{&quot;134233117&quot;:false,&quot;134233118&quot;:false,&quot;335551550&quot;:0,&quot;335551620&quot;:0,&quot;335559738&quot;:240,&quot;335559739&quot;:240}\">\u00a0<\/span><\/li>\n<\/ul>\n<ul>\n<li aria-setsize=\"-1\" data-leveltext=\"\uf0b7\" data-font=\"Symbol\" data-listid=\"1\" data-list-defn-props=\"{&quot;335552541&quot;:1,&quot;335559683&quot;:0,&quot;335559684&quot;:-2,&quot;335559685&quot;:720,&quot;335559991&quot;:360,&quot;469769226&quot;:&quot;Symbol&quot;,&quot;469769242&quot;:&#091;8226&#093;,&quot;469777803&quot;:&quot;left&quot;,&quot;469777804&quot;:&quot;\uf0b7&quot;,&quot;469777815&quot;:&quot;hybridMultilevel&quot;}\" data-aria-posinset=\"2\" data-aria-level=\"1\"><b><span data-contrast=\"auto\">H\u1ec7 th\u1ed1ng qu\u1ea3n l\u00fd h\u1ecdc t\u1eadp (LMS)<\/span><\/b><span data-contrast=\"auto\">: N\u1ec1n t\u1ea3ng gi\u00fap gi\u00e1o vi\u00ean thi\u1ebft k\u1ebf v\u00e0 tri\u1ec3n khai b\u00e0i gi\u1ea3ng tr\u1ef1c tuy\u1ebfn, \u0111\u1eb7c bi\u1ec7t h\u1eefu \u00edch trong b\u1ed1i c\u1ea3nh h\u1ecdc t\u1eadp t\u1eeb xa.<\/span><span data-ccp-props=\"{&quot;134233117&quot;:false,&quot;134233118&quot;:false,&quot;335551550&quot;:0,&quot;335551620&quot;:0,&quot;335559738&quot;:240,&quot;335559739&quot;:240}\">\u00a0<\/span><\/li>\n<\/ul>\n\t\t<\/div>\n\t\t\t\t\t<\/div>\n\n\t\n<\/div>\n\t\t<\/div>\n\n\t\t\n<style>\n#section_1054198489 {\n  padding-top: 0px;\n  padding-bottom: 0px;\n  background-color: rgb(247, 247, 247);\n}\n#section_1054198489 .ux-shape-divider--top svg {\n  height: 150px;\n  --divider-top-width: 100%;\n}\n#section_1054198489 .ux-shape-divider--bottom svg {\n  height: 150px;\n  --divider-width: 100%;\n}\n<\/style>\n\t<\/section>\n\t\n\t<section class=\"section sec-process\" id=\"section_1282333587\">\n\t\t<div class=\"bg section-bg fill bg-fill  bg-loaded\" >\n\n\t\t\t\n\t\t\t\n\t\t\t\n\n\t\t<\/div>\n\n\t\t\n\n\t\t<div class=\"section-content relative\">\n\t\t\t\n<div class=\"row sec-process-col\"  id=\"row-1630333513\">\n\n\t<div id=\"col-1442391559\" class=\"col small-12 large-12\"  >\n\t\t\t\t<div class=\"col-inner\"  >\n\t\t\t\n\t\t\t\n<h2 class=\"mona-title\">QUY TR\u00ccNH TRI\u1ec2N KHAI<\/h2>\n\t\t<\/div>\n\t\t\t\t\t<\/div>\n\n\t\n\n\t<div id=\"col-1831552198\" class=\"col sec-process-col1 medium-3 small-6 large-3\"  >\n\t\t\t\t<div class=\"col-inner text-center\"  >\n\t\t\t\n\t\t\t\n\n\t\t<div class=\"icon-box featured-box sec-process-iconbox icon-box-top text-left\"  >\n\t\t\t\t\t<div class=\"icon-box-img\" style=\"width: 114px\">\n\t\t\t\t<div class=\"icon\">\n\t\t\t\t\t<div class=\"icon-inner\" style=\"color:rgb(54, 208, 196);\">\n\t\t\t\t\t\t<img loading=\"lazy\" decoding=\"async\" width=\"300\" height=\"300\" src=\"https:\/\/i0.wp.com\/mavietnam.vn\/wp-content\/uploads\/2023\/09\/magnifying-glass.png?fit=300%2C300&amp;ssl=1\" class=\"attachment-medium size-medium\" alt=\"\" srcset=\"https:\/\/i0.wp.com\/mavietnam.vn\/wp-content\/uploads\/2023\/09\/magnifying-glass.png?w=512&amp;ssl=1 512w, https:\/\/i0.wp.com\/mavietnam.vn\/wp-content\/uploads\/2023\/09\/magnifying-glass.png?resize=300%2C300&amp;ssl=1 300w, https:\/\/i0.wp.com\/mavietnam.vn\/wp-content\/uploads\/2023\/09\/magnifying-glass.png?resize=150%2C150&amp;ssl=1 150w, https:\/\/i0.wp.com\/mavietnam.vn\/wp-content\/uploads\/2023\/09\/magnifying-glass.png?resize=100%2C100&amp;ssl=1 100w\" sizes=\"auto, (max-width: 300px) 100vw, 300px\" \/>\t\t\t\t\t<\/div>\n\t\t\t\t<\/div>\n\t\t\t<\/div>\n\t\t\t\t<div class=\"icon-box-text last-reset\">\n\t\t\t\t\t\t\t\t\t\n<div class=\"service1\">\n<h3 class=\"service\" style=\"background-color: #1f2344;\">1<\/h3>\n<h3 class=\"service2\"><span style=\"font-size: 90%; color: #1f2344;\">X\u00e1c \u0111\u1ecbnh nhu c\u1ea7u<\/span><\/h3>\n<\/div>\n\t\t<\/div>\n\t<\/div>\n\t\n\t\n\t\t<\/div>\n\t\t\t\t\t<\/div>\n\n\t\n\n\t<div id=\"col-687929478\" class=\"col sec-process-col2 medium-3 small-6 large-3\"  >\n\t\t\t\t<div class=\"col-inner text-center\"  >\n\t\t\t\n\t\t\t\n\n\t\t<div class=\"icon-box featured-box sec-process-iconbox icon-box-top text-left\"  >\n\t\t\t\t\t<div class=\"icon-box-img\" style=\"width: 114px\">\n\t\t\t\t<div class=\"icon\">\n\t\t\t\t\t<div class=\"icon-inner\" style=\"color:rgb(54, 208, 196);\">\n\t\t\t\t\t\t<img loading=\"lazy\" decoding=\"async\" width=\"300\" height=\"300\" src=\"https:\/\/i0.wp.com\/mavietnam.vn\/wp-content\/uploads\/2023\/09\/idea.png?fit=300%2C300&amp;ssl=1\" class=\"attachment-medium size-medium\" alt=\"\" srcset=\"https:\/\/i0.wp.com\/mavietnam.vn\/wp-content\/uploads\/2023\/09\/idea.png?w=512&amp;ssl=1 512w, https:\/\/i0.wp.com\/mavietnam.vn\/wp-content\/uploads\/2023\/09\/idea.png?resize=300%2C300&amp;ssl=1 300w, https:\/\/i0.wp.com\/mavietnam.vn\/wp-content\/uploads\/2023\/09\/idea.png?resize=150%2C150&amp;ssl=1 150w, https:\/\/i0.wp.com\/mavietnam.vn\/wp-content\/uploads\/2023\/09\/idea.png?resize=100%2C100&amp;ssl=1 100w\" sizes=\"auto, (max-width: 300px) 100vw, 300px\" \/>\t\t\t\t\t<\/div>\n\t\t\t\t<\/div>\n\t\t\t<\/div>\n\t\t\t\t<div class=\"icon-box-text last-reset\">\n\t\t\t\t\t\t\t\t\t\n<div class=\"service1\">\n<h3 class=\"service\" style=\"background-color: #1f2344;\">2<\/h3>\n<h3 class=\"service2\"><span style=\"font-size: 90%; color: #1f2344;\">Ph\u00e2n t\u00edch v\u00e0 \u0111\u1ec1 xu\u1ea5t gi\u1ea3i ph\u00e1p<\/span><\/h3>\n<\/div>\n\t\t<\/div>\n\t<\/div>\n\t\n\t\n\t\t<\/div>\n\t\t\t\t\t<\/div>\n\n\t\n\n\t<div id=\"col-1609960324\" class=\"col sec-process-col3 medium-3 small-6 large-3\"  >\n\t\t\t\t<div class=\"col-inner text-center\"  >\n\t\t\t\n\t\t\t\n\n\t\t<div class=\"icon-box featured-box sec-process-iconbox icon-box-top text-left\"  >\n\t\t\t\t\t<div class=\"icon-box-img\" style=\"width: 114px\">\n\t\t\t\t<div class=\"icon\">\n\t\t\t\t\t<div class=\"icon-inner\" style=\"color:rgb(54, 208, 196);\">\n\t\t\t\t\t\t<img loading=\"lazy\" decoding=\"async\" width=\"300\" height=\"300\" src=\"https:\/\/i0.wp.com\/mavietnam.vn\/wp-content\/uploads\/2023\/09\/discharge.png?fit=300%2C300&amp;ssl=1\" class=\"attachment-medium size-medium\" alt=\"\" srcset=\"https:\/\/i0.wp.com\/mavietnam.vn\/wp-content\/uploads\/2023\/09\/discharge.png?w=512&amp;ssl=1 512w, https:\/\/i0.wp.com\/mavietnam.vn\/wp-content\/uploads\/2023\/09\/discharge.png?resize=300%2C300&amp;ssl=1 300w, https:\/\/i0.wp.com\/mavietnam.vn\/wp-content\/uploads\/2023\/09\/discharge.png?resize=150%2C150&amp;ssl=1 150w, https:\/\/i0.wp.com\/mavietnam.vn\/wp-content\/uploads\/2023\/09\/discharge.png?resize=100%2C100&amp;ssl=1 100w\" sizes=\"auto, (max-width: 300px) 100vw, 300px\" \/>\t\t\t\t\t<\/div>\n\t\t\t\t<\/div>\n\t\t\t<\/div>\n\t\t\t\t<div class=\"icon-box-text last-reset\">\n\t\t\t\t\t\t\t\t\t\n<div class=\"service1\">\n<h3 class=\"service\" style=\"background-color: #1f2344;\">3<\/h3>\n<h3 class=\"service2\"><span style=\"font-size: 90%; color: #1f2344;\">Th\u1ef1c thi<\/span><\/h3>\n<\/div>\n\t\t<\/div>\n\t<\/div>\n\t\n\t\n\t\t<\/div>\n\t\t\t\t\t<\/div>\n\n\t\n\n\t<div id=\"col-804934664\" class=\"col sec-process-col4 medium-3 small-6 large-3\"  >\n\t\t\t\t<div class=\"col-inner text-center\"  >\n\t\t\t\n\t\t\t\n\n\t\t<div class=\"icon-box featured-box sec-process-iconbox icon-box-top text-left\"  >\n\t\t\t\t\t<div class=\"icon-box-img\" style=\"width: 114px\">\n\t\t\t\t<div class=\"icon\">\n\t\t\t\t\t<div class=\"icon-inner\" style=\"color:rgb(54, 208, 196);\">\n\t\t\t\t\t\t<img loading=\"lazy\" decoding=\"async\" width=\"300\" height=\"300\" src=\"https:\/\/i0.wp.com\/mavietnam.vn\/wp-content\/uploads\/2023\/09\/customer-service.png?fit=300%2C300&amp;ssl=1\" class=\"attachment-medium size-medium\" alt=\"\" srcset=\"https:\/\/i0.wp.com\/mavietnam.vn\/wp-content\/uploads\/2023\/09\/customer-service.png?w=512&amp;ssl=1 512w, https:\/\/i0.wp.com\/mavietnam.vn\/wp-content\/uploads\/2023\/09\/customer-service.png?resize=300%2C300&amp;ssl=1 300w, https:\/\/i0.wp.com\/mavietnam.vn\/wp-content\/uploads\/2023\/09\/customer-service.png?resize=150%2C150&amp;ssl=1 150w, https:\/\/i0.wp.com\/mavietnam.vn\/wp-content\/uploads\/2023\/09\/customer-service.png?resize=100%2C100&amp;ssl=1 100w\" sizes=\"auto, (max-width: 300px) 100vw, 300px\" \/>\t\t\t\t\t<\/div>\n\t\t\t\t<\/div>\n\t\t\t<\/div>\n\t\t\t\t<div class=\"icon-box-text last-reset\">\n\t\t\t\t\t\t\t\t\t\n<div class=\"service1\">\n<h3 class=\"service\" style=\"background-color: #1f2344;\">4<\/h3>\n<h3 class=\"service2\"><span style=\"font-size: 90%; color: #1f2344;\">H\u1ed7 tr\u1ee3 sau d\u1ecbch v\u1ee5<\/span><\/h3>\n<\/div>\n\t\t<\/div>\n\t<\/div>\n\t\n\t\n\t\t<\/div>\n\t\t\t\t\t<\/div>\n\n\t\n\n<style>\n#row-1630333513 > .col > .col-inner {\n  background-color: rgb(255, 255, 255);\n}\n<\/style>\n<\/div>\n\t\t<\/div>\n\n\t\t\n<style>\n#section_1282333587 {\n  padding-top: 30px;\n  padding-bottom: 30px;\n}\n#section_1282333587 .ux-shape-divider--top svg {\n  height: 150px;\n  --divider-top-width: 100%;\n}\n#section_1282333587 .ux-shape-divider--bottom svg {\n  height: 150px;\n  --divider-width: 100%;\n}\n<\/style>\n\t<\/section>\n\t\n","protected":false},"excerpt":{"rendered":"","protected":false},"author":123588,"featured_media":0,"parent":1701,"menu_order":0,"comment_status":"closed","ping_status":"closed","template":"page-blank.php","meta":{"inline_featured_image":false,"footnotes":""},"class_list":["post-3050","page","type-page","status-publish","hentry"],"jetpack_sharing_enabled":true,"_links":{"self":[{"href":"https:\/\/mavietnam.vn\/vi\/wp-json\/wp\/v2\/pages\/3050","targetHints":{"allow":["GET"]}}],"collection":[{"href":"https:\/\/mavietnam.vn\/vi\/wp-json\/wp\/v2\/pages"}],"about":[{"href":"https:\/\/mavietnam.vn\/vi\/wp-json\/wp\/v2\/types\/page"}],"author":[{"embeddable":true,"href":"https:\/\/mavietnam.vn\/vi\/wp-json\/wp\/v2\/users\/123588"}],"replies":[{"embeddable":true,"href":"https:\/\/mavietnam.vn\/vi\/wp-json\/wp\/v2\/comments?post=3050"}],"version-history":[{"count":11,"href":"https:\/\/mavietnam.vn\/vi\/wp-json\/wp\/v2\/pages\/3050\/revisions"}],"predecessor-version":[{"id":3056,"href":"https:\/\/mavietnam.vn\/vi\/wp-json\/wp\/v2\/pages\/3050\/revisions\/3056"}],"up":[{"embeddable":true,"href":"https:\/\/mavietnam.vn\/vi\/wp-json\/wp\/v2\/pages\/1701"}],"wp:attachment":[{"href":"https:\/\/mavietnam.vn\/vi\/wp-json\/wp\/v2\/media?parent=3050"}],"curies":[{"name":"wp","href":"https:\/\/api.w.org\/{rel}","templated":true}]}}